{"id":4335,"date":"2022-02-05T10:24:59","date_gmt":"2022-02-05T09:24:59","guid":{"rendered":"https:\/\/www.phototigui.com\/?page_id=4335"},"modified":"2024-05-29T19:19:32","modified_gmt":"2024-05-29T17:19:32","slug":"photographe-professionnel-du-burkina-faso","status":"publish","type":"page","link":"https:\/\/www.phototigui.com\/en\/photographe-professionnel-du-burkina-faso\/","title":{"rendered":"BIOGRAPHIE"},"content":{"rendered":"<p>Biographie <img fetchpriority=\"high\" decoding=\"async\" class=\"alignnone size-medium wp-image-4347\" src=\"https:\/\/www.phototigui.com\/wp-content\/uploads\/2022\/04\/Photographe-africain-199x300.jpg\" alt=\"\" width=\"199\" height=\"300\" srcset=\"https:\/\/www.phototigui.com\/wp-content\/uploads\/2022\/04\/Photographe-africain-199x300.jpg 199w, https:\/\/www.phototigui.com\/wp-content\/uploads\/2022\/04\/Photographe-africain-681x1024.jpg 681w, https:\/\/www.phototigui.com\/wp-content\/uploads\/2022\/04\/Photographe-africain-768x1155.jpg 768w, https:\/\/www.phototigui.com\/wp-content\/uploads\/2022\/04\/Photographe-africain-1021x1536.jpg 1021w, https:\/\/www.phototigui.com\/wp-content\/uploads\/2022\/04\/Photographe-africain-1362x2048.jpg 1362w, https:\/\/www.phototigui.com\/wp-content\/uploads\/2022\/04\/Photographe-africain-500x752.jpg 500w, https:\/\/www.phototigui.com\/wp-content\/uploads\/2022\/04\/Photographe-africain-800x1203.jpg 800w, https:\/\/www.phototigui.com\/wp-content\/uploads\/2022\/04\/Photographe-africain-1280x1925.jpg 1280w, https:\/\/www.phototigui.com\/wp-content\/uploads\/2022\/04\/Photographe-africain.jpg 1823w\" sizes=\"(max-width: 199px) 100vw, 199px\" \/><\/p>\n<p>Georges YAM\u00c9OGO est un photographe n\u00e9 \u00e0 D\u00e9dougou, au Burkina Faso et r\u00e9sidant \u00e0<br \/>Dakar, depuis 2016. Il a appris la photographie tr\u00e8s jeune aux c\u00f4t\u00e9s de son oncle,<br \/>photographe professionnel dont le studio, cr\u00e9\u00e9 dans les ann\u00e9es 90, fut l\u2019un des premiers de<br \/>la r\u00e9gion. Son p\u00e8re, photographe amateur, l\u2019a \u00e9galement toujours encourag\u00e9. Il assistait<br \/>ainsi son oncle \u00e0 la prise de portraits en studio et \u00e0 la photo-journalisme en ext\u00e9rieur. C\u2019est<br \/>donc tout naturellement qu\u2019il s\u2019est orient\u00e9 vers une carri\u00e8re de photographe par la suite.<br \/>Ses sujets de pr\u00e9dilection concernent le quotidien dans toutes ses dimensions, tant po\u00e9tique<br \/>que festive et terre-\u00e0-terre mais aussi dans sa temporalit\u00e9: les temps d\u2019attente, la fugacit\u00e9<br \/>des rencontres et la fr\u00e9n\u00e9sie de la course contre la montre; il est fascin\u00e9 par la fa\u00e7on dont<br \/>les cultures appr\u00e9hendent le temps diff\u00e9remment. Son travail est emprunt de sa qualit\u00e9 la<br \/>plus flagrante, l\u2019humour.<\/p>\n<p>\u00a0<\/p>\n\n\n<hr class=\"wp-block-separator has-css-opacity\"\/>\n\n\n\n<p>Biography<\/p>\n\n\n\n<p>Georges YAM\u00c9OGO is a photographer born in D\u00e9dougou, Burkina Faso and living in<br>Dakar, since 2016. He learned photography at a very young age from his uncle,<br>professional photographer whose studio, created in the 90s, was one of the first in the region.<br>in the region. His father, an amateur photographer, also always encouraged him. He assisted his uncle<br>his uncle in taking portraits in the studio and in photojournalism on location. It was therefore<br>It is thus quite naturally that he turned to a career of photographer thereafter.<br>His favorite subjects are the everyday life in all its dimensions, both poetic<br>as well as festive and down-to-earth, but also in its temporality: the time of waiting, the fleetingness<br>of encounters and the frenzy of the race against the clock; he is fascinated by the way<br>cultures apprehend time differently. His work is imbued with its most obvious quality<br>quality, humor.<\/p>\n\n\n\n<p><\/p>\n","protected":false},"excerpt":{"rendered":"<div class=\"slide-text-bg2\">\n<h3>Biographie Georges YAM\u00c9OGO est un photographe n\u00e9 \u00e0 D\u00e9dougou, au Burkina Faso et r\u00e9sidant \u00e0Dakar, depuis 2016. Il a appris<\/h3>\n<\/div>\n<div class=\"flex-btn-div\"><a href=\"https:\/\/www.phototigui.com\/en\/photographe-professionnel-du-burkina-faso\/\" class=\"btn1 flex-btn\">Read More<\/a><\/div>\n","protected":false},"author":3,"featured_media":4859,"parent":0,"menu_order":0,"comment_status":"closed","ping_status":"closed","template":"","meta":{"om_disable_all_campaigns":false,"_exactmetrics_skip_tracking":false,"_exactmetrics_sitenote_active":false,"_exactmetrics_sitenote_note":"","_exactmetrics_sitenote_category":0,"_monsterinsights_skip_tracking":false,"_monsterinsights_sitenote_active":false,"_monsterinsights_sitenote_note":"","_monsterinsights_sitenote_category":0,"_uf_show_specific_survey":0,"_uf_disable_surveys":false,"_vp_format_video_url":"","_vp_image_focal_point":[],"footnotes":""},"class_list":["post-4335","page","type-page","status-publish","has-post-thumbnail","hentry"],"yoast_head":"<!-- This site is optimized with the Yoast SEO plugin v27.3 - https:\/\/yoast.com\/product\/yoast-seo-wordpress\/ -->\n<title>Photographe professionnel du Burkina faso<\/title>\n<meta name=\"description\" content=\"Georges YAM\u00c9OGO is a photographer born in D\u00e9dougou, Burkina Faso and living in S\u00e9n\u00e9gal, His favorite subjects are the everyday life\" \/>\n<meta name=\"robots\" content=\"index, follow, max-snippet:-1, max-image-preview:large, max-video-preview:-1\" \/>\n<link rel=\"canonical\" href=\"https:\/\/www.phototigui.com\/en\/photographe-professionnel-du-burkina-faso\/\" \/>\n<meta property=\"og:locale\" content=\"en_US\" \/>\n<meta property=\"og:locale:alternate\" content=\"fr_FR\" \/>\n<meta property=\"og:type\" content=\"article\" \/>\n<meta property=\"og:title\" content=\"Photographe professionnel du Burkina faso\" \/>\n<meta property=\"og:description\" content=\"Georges YAM\u00c9OGO is a photographer born in D\u00e9dougou, Burkina Faso and living in S\u00e9n\u00e9gal, His favorite subjects are the everyday life\" \/>\n<meta property=\"og:url\" content=\"https:\/\/www.phototigui.com\/en\/photographe-professionnel-du-burkina-faso\/\" \/>\n<meta property=\"og:site_name\" content=\"Photographe Senegal\" \/>\n<meta property=\"article:publisher\" content=\"https:\/\/www.facebook.com\/phototigui\" \/>\n<meta property=\"article:modified_time\" content=\"2024-05-29T17:19:32+00:00\" \/>\n<meta property=\"og:image\" content=\"https:\/\/www.phototigui.com\/wp-content\/uploads\/2023\/10\/Recolte-de-gombo-Senegal-Rosso-1024x684.jpg\" \/>\n\t<meta property=\"og:image:width\" content=\"1024\" \/>\n\t<meta property=\"og:image:height\" content=\"684\" \/>\n\t<meta property=\"og:image:type\" content=\"image\/jpeg\" \/>\n<meta name=\"twitter:card\" content=\"summary_large_image\" \/>\n<meta name=\"twitter:label1\" content=\"Est. reading time\" \/>\n\t<meta name=\"twitter:data1\" content=\"2 minutes\" \/>\n<script type=\"application\/ld+json\" class=\"yoast-schema-graph\">{\"@context\":\"https:\\\/\\\/schema.org\",\"@graph\":[{\"@type\":\"WebPage\",\"@id\":\"https:\\\/\\\/www.phototigui.com\\\/photographe-professionnel-du-burkina-faso\\\/\",\"url\":\"https:\\\/\\\/www.phototigui.com\\\/photographe-professionnel-du-burkina-faso\\\/\",\"name\":\"Photographe professionnel du Burkina faso\",\"isPartOf\":{\"@id\":\"https:\\\/\\\/www.phototigui.com\\\/#website\"},\"primaryImageOfPage\":{\"@id\":\"https:\\\/\\\/www.phototigui.com\\\/photographe-professionnel-du-burkina-faso\\\/#primaryimage\"},\"image\":{\"@id\":\"https:\\\/\\\/www.phototigui.com\\\/photographe-professionnel-du-burkina-faso\\\/#primaryimage\"},\"thumbnailUrl\":\"\",\"datePublished\":\"2022-02-05T09:24:59+00:00\",\"dateModified\":\"2024-05-29T17:19:32+00:00\",\"description\":\"Georges YAM\u00c9OGO is a photographer born in D\u00e9dougou, Burkina Faso and living in S\u00e9n\u00e9gal, His favorite subjects are the everyday life\",\"breadcrumb\":{\"@id\":\"https:\\\/\\\/www.phototigui.com\\\/photographe-professionnel-du-burkina-faso\\\/#breadcrumb\"},\"inLanguage\":\"en-US\",\"potentialAction\":[{\"@type\":\"ReadAction\",\"target\":[\"https:\\\/\\\/www.phototigui.com\\\/photographe-professionnel-du-burkina-faso\\\/\"]}]},{\"@type\":\"ImageObject\",\"inLanguage\":\"en-US\",\"@id\":\"https:\\\/\\\/www.phototigui.com\\\/photographe-professionnel-du-burkina-faso\\\/#primaryimage\",\"url\":\"\",\"contentUrl\":\"\"},{\"@type\":\"BreadcrumbList\",\"@id\":\"https:\\\/\\\/www.phototigui.com\\\/photographe-professionnel-du-burkina-faso\\\/#breadcrumb\",\"itemListElement\":[{\"@type\":\"ListItem\",\"position\":1,\"name\":\"Accueil\",\"item\":\"https:\\\/\\\/www.phototigui.com\\\/\"},{\"@type\":\"ListItem\",\"position\":2,\"name\":\"BIOGRAPHIE\"}]},{\"@type\":\"WebSite\",\"@id\":\"https:\\\/\\\/www.phototigui.com\\\/#website\",\"url\":\"https:\\\/\\\/www.phototigui.com\\\/\",\"name\":\"Photographe Senegal\",\"description\":\"Leader de la photographie professionnelle au Senegal\",\"publisher\":{\"@id\":\"https:\\\/\\\/www.phototigui.com\\\/#organization\"},\"potentialAction\":[{\"@type\":\"SearchAction\",\"target\":{\"@type\":\"EntryPoint\",\"urlTemplate\":\"https:\\\/\\\/www.phototigui.com\\\/?s={search_term_string}\"},\"query-input\":{\"@type\":\"PropertyValueSpecification\",\"valueRequired\":true,\"valueName\":\"search_term_string\"}}],\"inLanguage\":\"en-US\"},{\"@type\":\"Organization\",\"@id\":\"https:\\\/\\\/www.phototigui.com\\\/#organization\",\"name\":\"phototigui\",\"url\":\"https:\\\/\\\/www.phototigui.com\\\/\",\"logo\":{\"@type\":\"ImageObject\",\"inLanguage\":\"en-US\",\"@id\":\"https:\\\/\\\/www.phototigui.com\\\/#\\\/schema\\\/logo\\\/image\\\/\",\"url\":\"https:\\\/\\\/www.phototigui.com\\\/wp-content\\\/uploads\\\/2025\\\/11\\\/cropped-phototigui_logo_Narvik_Brun-Sorrell.png\",\"contentUrl\":\"https:\\\/\\\/www.phototigui.com\\\/wp-content\\\/uploads\\\/2025\\\/11\\\/cropped-phototigui_logo_Narvik_Brun-Sorrell.png\",\"width\":821,\"height\":305,\"caption\":\"phototigui\"},\"image\":{\"@id\":\"https:\\\/\\\/www.phototigui.com\\\/#\\\/schema\\\/logo\\\/image\\\/\"},\"sameAs\":[\"https:\\\/\\\/www.facebook.com\\\/phototigui\",\"https:\\\/\\\/www.instagram.com\\\/phototigui\\\/\"]}]}<\/script>\n<!-- \/ Yoast SEO plugin. -->","yoast_head_json":{"title":"Photographe professionnel du Burkina faso","description":"Georges YAM\u00c9OGO is a photographer born in D\u00e9dougou, Burkina Faso and living in S\u00e9n\u00e9gal, His favorite subjects are the everyday life","robots":{"index":"index","follow":"follow","max-snippet":"max-snippet:-1","max-image-preview":"max-image-preview:large","max-video-preview":"max-video-preview:-1"},"canonical":"https:\/\/www.phototigui.com\/en\/photographe-professionnel-du-burkina-faso\/","og_locale":"en_US","og_type":"article","og_title":"[:fr]Photographe professionnel du Burkina faso[:]","og_description":"[:fr]Georges YAM\u00c9OGO is a photographer born in D\u00e9dougou, Burkina Faso and living in S\u00e9n\u00e9gal, His favorite subjects are the everyday life[:]","og_url":"https:\/\/www.phototigui.com\/en\/photographe-professionnel-du-burkina-faso\/","og_site_name":"Photographe Senegal","article_publisher":"https:\/\/www.facebook.com\/phototigui","article_modified_time":"2024-05-29T17:19:32+00:00","og_image":[{"width":1024,"height":684,"url":"https:\/\/www.phototigui.com\/wp-content\/uploads\/2023\/10\/Recolte-de-gombo-Senegal-Rosso-1024x684.jpg","type":"image\/jpeg"}],"twitter_card":"summary_large_image","twitter_misc":{"Est. reading time":"2 minutes"},"schema":{"@context":"https:\/\/schema.org","@graph":[{"@type":"WebPage","@id":"https:\/\/www.phototigui.com\/photographe-professionnel-du-burkina-faso\/","url":"https:\/\/www.phototigui.com\/photographe-professionnel-du-burkina-faso\/","name":"Photographe professionnel du Burkina faso","isPartOf":{"@id":"https:\/\/www.phototigui.com\/#website"},"primaryImageOfPage":{"@id":"https:\/\/www.phototigui.com\/photographe-professionnel-du-burkina-faso\/#primaryimage"},"image":{"@id":"https:\/\/www.phototigui.com\/photographe-professionnel-du-burkina-faso\/#primaryimage"},"thumbnailUrl":"","datePublished":"2022-02-05T09:24:59+00:00","dateModified":"2024-05-29T17:19:32+00:00","description":"Georges YAM\u00c9OGO is a photographer born in D\u00e9dougou, Burkina Faso and living in S\u00e9n\u00e9gal, His favorite subjects are the everyday life","breadcrumb":{"@id":"https:\/\/www.phototigui.com\/photographe-professionnel-du-burkina-faso\/#breadcrumb"},"inLanguage":"en-US","potentialAction":[{"@type":"ReadAction","target":["https:\/\/www.phototigui.com\/photographe-professionnel-du-burkina-faso\/"]}]},{"@type":"ImageObject","inLanguage":"en-US","@id":"https:\/\/www.phototigui.com\/photographe-professionnel-du-burkina-faso\/#primaryimage","url":"","contentUrl":""},{"@type":"BreadcrumbList","@id":"https:\/\/www.phototigui.com\/photographe-professionnel-du-burkina-faso\/#breadcrumb","itemListElement":[{"@type":"ListItem","position":1,"name":"Accueil","item":"https:\/\/www.phototigui.com\/"},{"@type":"ListItem","position":2,"name":"BIOGRAPHIE"}]},{"@type":"WebSite","@id":"https:\/\/www.phototigui.com\/#website","url":"https:\/\/www.phototigui.com\/","name":"Photographe Senegal","description":"Leader de la photographie professionnelle au Senegal","publisher":{"@id":"https:\/\/www.phototigui.com\/#organization"},"potentialAction":[{"@type":"SearchAction","target":{"@type":"EntryPoint","urlTemplate":"https:\/\/www.phototigui.com\/?s={search_term_string}"},"query-input":{"@type":"PropertyValueSpecification","valueRequired":true,"valueName":"search_term_string"}}],"inLanguage":"en-US"},{"@type":"Organization","@id":"https:\/\/www.phototigui.com\/#organization","name":"phototigui","url":"https:\/\/www.phototigui.com\/","logo":{"@type":"ImageObject","inLanguage":"en-US","@id":"https:\/\/www.phototigui.com\/#\/schema\/logo\/image\/","url":"https:\/\/www.phototigui.com\/wp-content\/uploads\/2025\/11\/cropped-phototigui_logo_Narvik_Brun-Sorrell.png","contentUrl":"https:\/\/www.phototigui.com\/wp-content\/uploads\/2025\/11\/cropped-phototigui_logo_Narvik_Brun-Sorrell.png","width":821,"height":305,"caption":"phototigui"},"image":{"@id":"https:\/\/www.phototigui.com\/#\/schema\/logo\/image\/"},"sameAs":["https:\/\/www.facebook.com\/phototigui","https:\/\/www.instagram.com\/phototigui\/"]}]}},"jetpack_sharing_enabled":true,"jetpack_shortlink":"https:\/\/wp.me\/Pa3WJh-17V","_links":{"self":[{"href":"https:\/\/www.phototigui.com\/en\/wp-json\/wp\/v2\/pages\/4335","targetHints":{"allow":["GET"]}}],"collection":[{"href":"https:\/\/www.phototigui.com\/en\/wp-json\/wp\/v2\/pages"}],"about":[{"href":"https:\/\/www.phototigui.com\/en\/wp-json\/wp\/v2\/types\/page"}],"author":[{"embeddable":true,"href":"https:\/\/www.phototigui.com\/en\/wp-json\/wp\/v2\/users\/3"}],"replies":[{"embeddable":true,"href":"https:\/\/www.phototigui.com\/en\/wp-json\/wp\/v2\/comments?post=4335"}],"version-history":[{"count":3,"href":"https:\/\/www.phototigui.com\/en\/wp-json\/wp\/v2\/pages\/4335\/revisions"}],"predecessor-version":[{"id":5119,"href":"https:\/\/www.phototigui.com\/en\/wp-json\/wp\/v2\/pages\/4335\/revisions\/5119"}],"wp:featuredmedia":[{"embeddable":true,"href":"https:\/\/www.phototigui.com\/en\/wp-json\/"}],"wp:attachment":[{"href":"https:\/\/www.phototigui.com\/en\/wp-json\/wp\/v2\/media?parent=4335"}],"curies":[{"name":"wp","href":"https:\/\/api.w.org\/{rel}","templated":true}]}}