{"id":405,"date":"2018-04-22T04:26:12","date_gmt":"2018-04-22T02:26:12","guid":{"rendered":"http:\/\/phototigui.com\/?page_id=405"},"modified":"2025-07-05T12:32:47","modified_gmt":"2025-07-05T10:32:47","slug":"tarifs-shooting-photographe-senegal-dakar-mamelle","status":"publish","type":"page","link":"https:\/\/www.phototigui.com\/en\/tarifs-shooting-photographe-senegal-dakar-mamelle\/","title":{"rendered":"NOS TARIFS"},"content":{"rendered":"\t\t<div data-elementor-type=\"wp-page\" data-elementor-id=\"405\" class=\"elementor elementor-405\" data-elementor-post-type=\"page\">\n\t\t\t\t\t\t<section class=\"elementor-section elementor-top-section elementor-element elementor-element-5a409a07 elementor-section-boxed elementor-section-height-default elementor-section-height-default\" data-id=\"5a409a07\" data-element_type=\"section\">\n\t\t\t\t\t\t<div class=\"elementor-container elementor-column-gap-default\">\n\t\t\t\t\t<div class=\"elementor-column elementor-col-100 elementor-top-column elementor-element elementor-element-68787477\" data-id=\"68787477\" data-element_type=\"column\">\n\t\t\t<div class=\"elementor-widget-wrap elementor-element-populated\">\n\t\t\t\t\t\t<div class=\"elementor-element elementor-element-15bb92b elementor-widget elementor-widget-text-editor\" data-id=\"15bb92b\" data-element_type=\"widget\" data-widget_type=\"text-editor.default\">\n\t\t\t\t<div class=\"elementor-widget-container\">\n\t\t\t\t\t\t\t\t\t<h2>Tarifs photos<\/h2>\n<p><img fetchpriority=\"high\" decoding=\"async\" src=\"https:\/\/www.phototigui.com\/wp-content\/uploads\/2020\/02\/shooting-studio-dakar.jpg\" sizes=\"(max-width: 512px) 100vw, 512px\" srcset=\"https:\/\/www.phototigui.com\/wp-content\/uploads\/2020\/02\/shooting-studio-dakar.jpg 512w, https:\/\/www.phototigui.com\/wp-content\/uploads\/2020\/02\/shooting-studio-dakar-300x169.jpg 300w\" alt=\"\" width=\"512\" height=\"288\"><\/p>\n<p>Chaque exp\u00e9rience est diff\u00e9rente de l&#8217;autre, pour cela nous offrons une service sur mesure et personnalise qui prenne en compte vos attentes.&nbsp;<\/p><p>Outre le prix, il est important d\u2019\u00e9valuer la qualit\u00e9 du travail fini et comparer chaque prestataire sur des crit\u00e8res identiques, comme par exemple: le temps de pr\u00e9sence, le nombre de photos prises, la qualit\u00e9 du mat\u00e9riel, les frais de d\u00e9placements etc\u2026.<\/p>\n<p>Alors n\u2019h\u00e9sitez pas pour avoir votre devis, en plus il est gratuit!<\/p>\n<h2><br><\/h2>\t\t\t\t\t\t\t\t<\/div>\n\t\t\t\t<\/div>\n\t\t\t\t\t<\/div>\n\t\t<\/div>\n\t\t\t\t\t<\/div>\n\t\t<\/section>\n\t\t\t\t<section class=\"elementor-section elementor-top-section elementor-element elementor-element-08c4e96 elementor-section-boxed elementor-section-height-default elementor-section-height-default\" data-id=\"08c4e96\" data-element_type=\"section\">\n\t\t\t\t\t\t<div class=\"elementor-container elementor-column-gap-default\">\n\t\t\t\t\t<div class=\"elementor-column elementor-col-100 elementor-top-column elementor-element elementor-element-15aec29\" data-id=\"15aec29\" data-element_type=\"column\">\n\t\t\t<div class=\"elementor-widget-wrap elementor-element-populated\">\n\t\t\t\t\t\t\t<\/div>\n\t\t<\/div>\n\t\t\t\t\t<\/div>\n\t\t<\/section>\n\t\t\t\t<\/div>\n\t\t","protected":false},"excerpt":{"rendered":"<div class=\"slide-text-bg2\">\n<h3>Tarifs photos Chaque exp\u00e9rience est diff\u00e9rente de l&#8217;autre, pour cela nous offrons une service sur mesure et personnalise qui prenne<\/h3>\n<\/div>\n<div class=\"flex-btn-div\"><a href=\"https:\/\/www.phototigui.com\/en\/tarifs-shooting-photographe-senegal-dakar-mamelle\/\" class=\"btn1 flex-btn\">Read More<\/a><\/div>\n","protected":false},"author":3,"featured_media":0,"parent":0,"menu_order":0,"comment_status":"closed","ping_status":"closed","template":"","meta":{"om_disable_all_campaigns":false,"_exactmetrics_skip_tracking":false,"_exactmetrics_sitenote_active":false,"_exactmetrics_sitenote_note":"","_exactmetrics_sitenote_category":0,"_monsterinsights_skip_tracking":false,"_monsterinsights_sitenote_active":false,"_monsterinsights_sitenote_note":"","_monsterinsights_sitenote_category":0,"_uf_show_specific_survey":0,"_uf_disable_surveys":false,"_vp_format_video_url":"","_vp_image_focal_point":[],"footnotes":""},"class_list":["post-405","page","type-page","status-publish","hentry"],"yoast_head":"<!-- This site is optimized with the Yoast SEO plugin v27.5 - https:\/\/yoast.com\/product\/yoast-seo-wordpress\/ -->\n<title>Tarif photographe professionnel Dakar Senegal<\/title>\n<meta name=\"description\" content=\"Toutes les photos et tous les photographes ont des tarifs differents. chez phototigui 1 heure de Shooting est a 69.000FCFA. Contacter nous.\" \/>\n<meta name=\"robots\" content=\"index, follow, max-snippet:-1, max-image-preview:large, max-video-preview:-1\" \/>\n<link rel=\"canonical\" href=\"https:\/\/www.phototigui.com\/en\/tarifs-shooting-photographe-senegal-dakar-mamelle\/\" \/>\n<meta property=\"og:locale\" content=\"en_US\" \/>\n<meta property=\"og:locale:alternate\" content=\"fr_FR\" \/>\n<meta property=\"og:type\" content=\"article\" \/>\n<meta property=\"og:title\" content=\"Tarif photographe professionnel Dakar Senegal\" \/>\n<meta property=\"og:description\" content=\"Toutes les photos et tous les photographes ont des tarifs differents. chez phototigui 1 heure de Shooting est a 69.000FCFA. Contacter nous.\" \/>\n<meta property=\"og:url\" content=\"https:\/\/www.phototigui.com\/en\/tarifs-shooting-photographe-senegal-dakar-mamelle\/\" \/>\n<meta property=\"og:site_name\" content=\"Photographe Senegal\" \/>\n<meta property=\"article:publisher\" content=\"https:\/\/www.facebook.com\/phototigui\" \/>\n<meta property=\"article:modified_time\" content=\"2025-07-05T10:32:47+00:00\" \/>\n<meta property=\"og:image\" content=\"https:\/\/www.phototigui.com\/wp-content\/uploads\/2020\/02\/shooting-studio-dakar.jpg\" \/>\n<meta name=\"twitter:card\" content=\"summary_large_image\" \/>\n<meta name=\"twitter:label1\" content=\"Est. reading time\" \/>\n\t<meta name=\"twitter:data1\" content=\"1 minute\" \/>\n<script type=\"application\/ld+json\" class=\"yoast-schema-graph\">{\"@context\":\"https:\\\/\\\/schema.org\",\"@graph\":[{\"@type\":\"WebPage\",\"@id\":\"https:\\\/\\\/www.phototigui.com\\\/tarifs-shooting-photographe-senegal-dakar-mamelle\\\/\",\"url\":\"https:\\\/\\\/www.phototigui.com\\\/tarifs-shooting-photographe-senegal-dakar-mamelle\\\/\",\"name\":\"Tarif photographe professionnel Dakar Senegal\",\"isPartOf\":{\"@id\":\"https:\\\/\\\/www.phototigui.com\\\/#website\"},\"primaryImageOfPage\":{\"@id\":\"https:\\\/\\\/www.phototigui.com\\\/tarifs-shooting-photographe-senegal-dakar-mamelle\\\/#primaryimage\"},\"image\":{\"@id\":\"https:\\\/\\\/www.phototigui.com\\\/tarifs-shooting-photographe-senegal-dakar-mamelle\\\/#primaryimage\"},\"thumbnailUrl\":\"https:\\\/\\\/www.phototigui.com\\\/wp-content\\\/uploads\\\/2020\\\/02\\\/shooting-studio-dakar.jpg\",\"datePublished\":\"2018-04-22T02:26:12+00:00\",\"dateModified\":\"2025-07-05T10:32:47+00:00\",\"description\":\"Toutes les photos et tous les photographes ont des tarifs differents. chez phototigui 1 heure de Shooting est a 69.000FCFA. Contacter nous.\",\"breadcrumb\":{\"@id\":\"https:\\\/\\\/www.phototigui.com\\\/tarifs-shooting-photographe-senegal-dakar-mamelle\\\/#breadcrumb\"},\"inLanguage\":\"en-US\",\"potentialAction\":[{\"@type\":\"ReadAction\",\"target\":[\"https:\\\/\\\/www.phototigui.com\\\/tarifs-shooting-photographe-senegal-dakar-mamelle\\\/\"]}]},{\"@type\":\"ImageObject\",\"inLanguage\":\"en-US\",\"@id\":\"https:\\\/\\\/www.phototigui.com\\\/tarifs-shooting-photographe-senegal-dakar-mamelle\\\/#primaryimage\",\"url\":\"https:\\\/\\\/www.phototigui.com\\\/wp-content\\\/uploads\\\/2020\\\/02\\\/shooting-studio-dakar.jpg\",\"contentUrl\":\"https:\\\/\\\/www.phototigui.com\\\/wp-content\\\/uploads\\\/2020\\\/02\\\/shooting-studio-dakar.jpg\"},{\"@type\":\"BreadcrumbList\",\"@id\":\"https:\\\/\\\/www.phototigui.com\\\/tarifs-shooting-photographe-senegal-dakar-mamelle\\\/#breadcrumb\",\"itemListElement\":[{\"@type\":\"ListItem\",\"position\":1,\"name\":\"Accueil\",\"item\":\"https:\\\/\\\/www.phototigui.com\\\/\"},{\"@type\":\"ListItem\",\"position\":2,\"name\":\"NOS TARIFS\"}]},{\"@type\":\"WebSite\",\"@id\":\"https:\\\/\\\/www.phototigui.com\\\/#website\",\"url\":\"https:\\\/\\\/www.phototigui.com\\\/\",\"name\":\"Photographe Senegal\",\"description\":\"Leader de la photographie professionnelle au Senegal\",\"publisher\":{\"@id\":\"https:\\\/\\\/www.phototigui.com\\\/#organization\"},\"potentialAction\":[{\"@type\":\"SearchAction\",\"target\":{\"@type\":\"EntryPoint\",\"urlTemplate\":\"https:\\\/\\\/www.phototigui.com\\\/?s={search_term_string}\"},\"query-input\":{\"@type\":\"PropertyValueSpecification\",\"valueRequired\":true,\"valueName\":\"search_term_string\"}}],\"inLanguage\":\"en-US\"},{\"@type\":\"Organization\",\"@id\":\"https:\\\/\\\/www.phototigui.com\\\/#organization\",\"name\":\"phototigui\",\"url\":\"https:\\\/\\\/www.phototigui.com\\\/\",\"logo\":{\"@type\":\"ImageObject\",\"inLanguage\":\"en-US\",\"@id\":\"https:\\\/\\\/www.phototigui.com\\\/#\\\/schema\\\/logo\\\/image\\\/\",\"url\":\"https:\\\/\\\/www.phototigui.com\\\/wp-content\\\/uploads\\\/2025\\\/11\\\/cropped-phototigui_logo_Narvik_Brun-Sorrell.png\",\"contentUrl\":\"https:\\\/\\\/www.phototigui.com\\\/wp-content\\\/uploads\\\/2025\\\/11\\\/cropped-phototigui_logo_Narvik_Brun-Sorrell.png\",\"width\":821,\"height\":305,\"caption\":\"phototigui\"},\"image\":{\"@id\":\"https:\\\/\\\/www.phototigui.com\\\/#\\\/schema\\\/logo\\\/image\\\/\"},\"sameAs\":[\"https:\\\/\\\/www.facebook.com\\\/phototigui\",\"https:\\\/\\\/www.instagram.com\\\/phototigui\\\/\"]}]}<\/script>\n<!-- \/ Yoast SEO plugin. -->","yoast_head_json":{"title":"Tarif photographe professionnel Dakar Senegal","description":"Toutes les photos et tous les photographes ont des tarifs differents. chez phototigui 1 heure de Shooting est a 69.000FCFA. Contacter nous.","robots":{"index":"index","follow":"follow","max-snippet":"max-snippet:-1","max-image-preview":"max-image-preview:large","max-video-preview":"max-video-preview:-1"},"canonical":"https:\/\/www.phototigui.com\/en\/tarifs-shooting-photographe-senegal-dakar-mamelle\/","og_locale":"en_US","og_type":"article","og_title":"[:fr]Tarif photographe professionnel Dakar Senegal[:]","og_description":"[:fr]Toutes les photos et tous les photographes ont des tarifs differents. chez phototigui 1 heure de Shooting est a 69.000FCFA. Contacter nous.[:]","og_url":"https:\/\/www.phototigui.com\/en\/tarifs-shooting-photographe-senegal-dakar-mamelle\/","og_site_name":"Photographe Senegal","article_publisher":"https:\/\/www.facebook.com\/phototigui","article_modified_time":"2025-07-05T10:32:47+00:00","og_image":[{"url":"https:\/\/www.phototigui.com\/wp-content\/uploads\/2020\/02\/shooting-studio-dakar.jpg","type":"","width":"","height":""}],"twitter_card":"summary_large_image","twitter_misc":{"Est. reading time":"1 minute"},"schema":{"@context":"https:\/\/schema.org","@graph":[{"@type":"WebPage","@id":"https:\/\/www.phototigui.com\/tarifs-shooting-photographe-senegal-dakar-mamelle\/","url":"https:\/\/www.phototigui.com\/tarifs-shooting-photographe-senegal-dakar-mamelle\/","name":"Tarif photographe professionnel Dakar Senegal","isPartOf":{"@id":"https:\/\/www.phototigui.com\/#website"},"primaryImageOfPage":{"@id":"https:\/\/www.phototigui.com\/tarifs-shooting-photographe-senegal-dakar-mamelle\/#primaryimage"},"image":{"@id":"https:\/\/www.phototigui.com\/tarifs-shooting-photographe-senegal-dakar-mamelle\/#primaryimage"},"thumbnailUrl":"https:\/\/www.phototigui.com\/wp-content\/uploads\/2020\/02\/shooting-studio-dakar.jpg","datePublished":"2018-04-22T02:26:12+00:00","dateModified":"2025-07-05T10:32:47+00:00","description":"Toutes les photos et tous les photographes ont des tarifs differents. chez phototigui 1 heure de Shooting est a 69.000FCFA. Contacter nous.","breadcrumb":{"@id":"https:\/\/www.phototigui.com\/tarifs-shooting-photographe-senegal-dakar-mamelle\/#breadcrumb"},"inLanguage":"en-US","potentialAction":[{"@type":"ReadAction","target":["https:\/\/www.phototigui.com\/tarifs-shooting-photographe-senegal-dakar-mamelle\/"]}]},{"@type":"ImageObject","inLanguage":"en-US","@id":"https:\/\/www.phototigui.com\/tarifs-shooting-photographe-senegal-dakar-mamelle\/#primaryimage","url":"https:\/\/www.phototigui.com\/wp-content\/uploads\/2020\/02\/shooting-studio-dakar.jpg","contentUrl":"https:\/\/www.phototigui.com\/wp-content\/uploads\/2020\/02\/shooting-studio-dakar.jpg"},{"@type":"BreadcrumbList","@id":"https:\/\/www.phototigui.com\/tarifs-shooting-photographe-senegal-dakar-mamelle\/#breadcrumb","itemListElement":[{"@type":"ListItem","position":1,"name":"Accueil","item":"https:\/\/www.phototigui.com\/"},{"@type":"ListItem","position":2,"name":"NOS TARIFS"}]},{"@type":"WebSite","@id":"https:\/\/www.phototigui.com\/#website","url":"https:\/\/www.phototigui.com\/","name":"Photographe Senegal","description":"Leader de la photographie professionnelle au Senegal","publisher":{"@id":"https:\/\/www.phototigui.com\/#organization"},"potentialAction":[{"@type":"SearchAction","target":{"@type":"EntryPoint","urlTemplate":"https:\/\/www.phototigui.com\/?s={search_term_string}"},"query-input":{"@type":"PropertyValueSpecification","valueRequired":true,"valueName":"search_term_string"}}],"inLanguage":"en-US"},{"@type":"Organization","@id":"https:\/\/www.phototigui.com\/#organization","name":"phototigui","url":"https:\/\/www.phototigui.com\/","logo":{"@type":"ImageObject","inLanguage":"en-US","@id":"https:\/\/www.phototigui.com\/#\/schema\/logo\/image\/","url":"https:\/\/www.phototigui.com\/wp-content\/uploads\/2025\/11\/cropped-phototigui_logo_Narvik_Brun-Sorrell.png","contentUrl":"https:\/\/www.phototigui.com\/wp-content\/uploads\/2025\/11\/cropped-phototigui_logo_Narvik_Brun-Sorrell.png","width":821,"height":305,"caption":"phototigui"},"image":{"@id":"https:\/\/www.phototigui.com\/#\/schema\/logo\/image\/"},"sameAs":["https:\/\/www.facebook.com\/phototigui","https:\/\/www.instagram.com\/phototigui\/"]}]}},"jetpack_sharing_enabled":true,"jetpack_shortlink":"https:\/\/wp.me\/Pa3WJh-6x","_links":{"self":[{"href":"https:\/\/www.phototigui.com\/en\/wp-json\/wp\/v2\/pages\/405","targetHints":{"allow":["GET"]}}],"collection":[{"href":"https:\/\/www.phototigui.com\/en\/wp-json\/wp\/v2\/pages"}],"about":[{"href":"https:\/\/www.phototigui.com\/en\/wp-json\/wp\/v2\/types\/page"}],"author":[{"embeddable":true,"href":"https:\/\/www.phototigui.com\/en\/wp-json\/wp\/v2\/users\/3"}],"replies":[{"embeddable":true,"href":"https:\/\/www.phototigui.com\/en\/wp-json\/wp\/v2\/comments?post=405"}],"version-history":[{"count":52,"href":"https:\/\/www.phototigui.com\/en\/wp-json\/wp\/v2\/pages\/405\/revisions"}],"predecessor-version":[{"id":5199,"href":"https:\/\/www.phototigui.com\/en\/wp-json\/wp\/v2\/pages\/405\/revisions\/5199"}],"wp:attachment":[{"href":"https:\/\/www.phototigui.com\/en\/wp-json\/wp\/v2\/media?parent=405"}],"curies":[{"name":"wp","href":"https:\/\/api.w.org\/{rel}","templated":true}]}}