{"id":3448,"date":"2020-05-31T03:31:14","date_gmt":"2020-05-31T01:31:14","guid":{"rendered":"https:\/\/www.phototigui.com\/?page_id=3448"},"modified":"2023-05-23T15:23:12","modified_gmt":"2023-05-23T13:23:12","slug":"projet-silence","status":"publish","type":"page","link":"https:\/\/www.phototigui.com\/en\/projet-silence\/","title":{"rendered":"EAU DOUCE et AGITEE"},"content":{"rendered":"\t\t<div data-elementor-type=\"wp-page\" data-elementor-id=\"3448\" class=\"elementor elementor-3448\" data-elementor-post-type=\"page\">\n\t\t\t\t\t\t<section class=\"elementor-section elementor-top-section elementor-element elementor-element-9fc98ad elementor-section-boxed elementor-section-height-default elementor-section-height-default\" data-id=\"9fc98ad\" data-element_type=\"section\">\n\t\t\t\t\t\t<div class=\"elementor-container elementor-column-gap-default\">\n\t\t\t\t\t<div class=\"elementor-column elementor-col-100 elementor-top-column elementor-element elementor-element-4080cb1\" data-id=\"4080cb1\" data-element_type=\"column\">\n\t\t\t<div class=\"elementor-widget-wrap elementor-element-populated\">\n\t\t\t\t\t\t<div class=\"elementor-element elementor-element-36879e57 elementor-widget elementor-widget-text-editor\" data-id=\"36879e57\" data-element_type=\"widget\" data-widget_type=\"text-editor.default\">\n\t\t\t\t<div class=\"elementor-widget-container\">\n\t\t\t\t\t\t\t\t\t[:fr]\n<p>Dans les pays enclav\u00e9s de l\u2019Afrique de l\u2019Ouest les p\u00e9cheurs sont plust\u00f4t solitaire et cette activit\u00e9 reste marqu\u00e9e par la coexistence de deux modes de p\u00eache : la p\u00eache coutumi\u00e8re qui \u00e9tait organis\u00e9e sous l\u2019\u00e9gide des chefs de terre, gardiens des g\u00e9nies de l\u2019eau, qui r\u00e9pondait \u00e0 des exigences sacrificielles, et la p\u00eache de subsistance qui visait essentiellement la satisfaction des besoins d\u2019autoconsommation des communaut\u00e9s riveraines en prot\u00e9ines de poisson. Au S\u00e9n\u00e9gal en Casamance les p\u00e9cheurs sont en \u00e9quipe sur des embarcations plus grande propuls\u00e9e par un moteur. Dans tous deux cas le risque de noyage est le m\u00eame. puisqu\u2019ils sen vont tous g\u00e9n\u00e9ralement sans boue de sauvetage en adressant leur prieres a l\u2019esprit des eaux avant de lancer les pirogues .<\/p>\n\n\n\n<p><\/p>\n[:]\t\t\t\t\t\t\t\t<\/div>\n\t\t\t\t<\/div>\n\t\t\t\t\t<\/div>\n\t\t<\/div>\n\t\t\t\t\t<\/div>\n\t\t<\/section>\n\t\t\t\t<section class=\"elementor-section elementor-top-section elementor-element elementor-element-fa56902 elementor-section-boxed elementor-section-height-default elementor-section-height-default\" data-id=\"fa56902\" data-element_type=\"section\">\n\t\t\t\t\t\t<div class=\"elementor-container elementor-column-gap-default\">\n\t\t\t\t\t<div class=\"elementor-column elementor-col-33 elementor-top-column elementor-element elementor-element-04ab697\" data-id=\"04ab697\" data-element_type=\"column\">\n\t\t\t<div class=\"elementor-widget-wrap elementor-element-populated\">\n\t\t\t\t\t\t<div class=\"elementor-element elementor-element-d9b7b46 elementor-widget elementor-widget-image\" data-id=\"d9b7b46\" data-element_type=\"widget\" data-widget_type=\"image.default\">\n\t\t\t\t<div class=\"elementor-widget-container\">\n\t\t\t\t\t\t\t\t\t\t\t\t\t\t\t<img fetchpriority=\"high\" decoding=\"async\" width=\"600\" height=\"398\" src=\"https:\/\/www.phototigui.com\/wp-content\/uploads\/2020\/12\/poisson-senegal-photographe.jpg\" class=\"attachment-large size-large wp-image-4048\" alt=\"\" srcset=\"https:\/\/www.phototigui.com\/wp-content\/uploads\/2020\/12\/poisson-senegal-photographe.jpg 800w, https:\/\/www.phototigui.com\/wp-content\/uploads\/2020\/12\/poisson-senegal-photographe-300x199.jpg 300w, https:\/\/www.phototigui.com\/wp-content\/uploads\/2020\/12\/poisson-senegal-photographe-768x509.jpg 768w, https:\/\/www.phototigui.com\/wp-content\/uploads\/2020\/12\/poisson-senegal-photographe-500x331.jpg 500w\" sizes=\"(max-width: 600px) 100vw, 600px\" \/>\t\t\t\t\t\t\t\t\t\t\t\t\t\t\t<\/div>\n\t\t\t\t<\/div>\n\t\t\t\t\t<\/div>\n\t\t<\/div>\n\t\t\t\t<div class=\"elementor-column elementor-col-33 elementor-top-column elementor-element elementor-element-4448a53\" data-id=\"4448a53\" data-element_type=\"column\">\n\t\t\t<div class=\"elementor-widget-wrap elementor-element-populated\">\n\t\t\t\t\t\t<div class=\"elementor-element elementor-element-31817df elementor-widget elementor-widget-image\" data-id=\"31817df\" data-element_type=\"widget\" data-widget_type=\"image.default\">\n\t\t\t\t<div class=\"elementor-widget-container\">\n\t\t\t\t\t\t\t\t\t\t\t\t\t\t\t<img decoding=\"async\" width=\"600\" height=\"398\" src=\"https:\/\/www.phototigui.com\/wp-content\/uploads\/2020\/12\/pirogue-de-peche-senegal.jpg\" class=\"attachment-large size-large wp-image-4045\" alt=\"\" srcset=\"https:\/\/www.phototigui.com\/wp-content\/uploads\/2020\/12\/pirogue-de-peche-senegal.jpg 800w, https:\/\/www.phototigui.com\/wp-content\/uploads\/2020\/12\/pirogue-de-peche-senegal-300x199.jpg 300w, https:\/\/www.phototigui.com\/wp-content\/uploads\/2020\/12\/pirogue-de-peche-senegal-768x509.jpg 768w, https:\/\/www.phototigui.com\/wp-content\/uploads\/2020\/12\/pirogue-de-peche-senegal-500x331.jpg 500w\" sizes=\"(max-width: 600px) 100vw, 600px\" \/>\t\t\t\t\t\t\t\t\t\t\t\t\t\t\t<\/div>\n\t\t\t\t<\/div>\n\t\t\t\t\t<\/div>\n\t\t<\/div>\n\t\t\t\t<div class=\"elementor-column elementor-col-33 elementor-top-column elementor-element elementor-element-e65c4f3\" data-id=\"e65c4f3\" data-element_type=\"column\">\n\t\t\t<div class=\"elementor-widget-wrap elementor-element-populated\">\n\t\t\t\t\t\t<div class=\"elementor-element elementor-element-17cd793 elementor-widget elementor-widget-image\" data-id=\"17cd793\" data-element_type=\"widget\" data-widget_type=\"image.default\">\n\t\t\t\t<div class=\"elementor-widget-container\">\n\t\t\t\t\t\t\t\t\t\t\t\t\t\t\t<img decoding=\"async\" width=\"600\" height=\"398\" src=\"https:\/\/www.phototigui.com\/wp-content\/uploads\/2020\/12\/peche-casamance.jpg\" class=\"attachment-large size-large wp-image-4043\" alt=\"\" srcset=\"https:\/\/www.phototigui.com\/wp-content\/uploads\/2020\/12\/peche-casamance.jpg 800w, https:\/\/www.phototigui.com\/wp-content\/uploads\/2020\/12\/peche-casamance-300x199.jpg 300w, https:\/\/www.phototigui.com\/wp-content\/uploads\/2020\/12\/peche-casamance-768x509.jpg 768w, https:\/\/www.phototigui.com\/wp-content\/uploads\/2020\/12\/peche-casamance-500x331.jpg 500w\" sizes=\"(max-width: 600px) 100vw, 600px\" \/>\t\t\t\t\t\t\t\t\t\t\t\t\t\t\t<\/div>\n\t\t\t\t<\/div>\n\t\t\t\t\t<\/div>\n\t\t<\/div>\n\t\t\t\t\t<\/div>\n\t\t<\/section>\n\t\t\t\t<section class=\"elementor-section elementor-top-section elementor-element elementor-element-d07b3bd elementor-section-boxed elementor-section-height-default elementor-section-height-default\" data-id=\"d07b3bd\" data-element_type=\"section\">\n\t\t\t\t\t\t<div class=\"elementor-container elementor-column-gap-default\">\n\t\t\t\t\t<div class=\"elementor-column elementor-col-33 elementor-top-column elementor-element elementor-element-6b89ee3\" data-id=\"6b89ee3\" data-element_type=\"column\">\n\t\t\t<div class=\"elementor-widget-wrap elementor-element-populated\">\n\t\t\t\t\t\t<div class=\"elementor-element elementor-element-1135059 elementor-widget elementor-widget-image\" data-id=\"1135059\" data-element_type=\"widget\" data-widget_type=\"image.default\">\n\t\t\t\t<div class=\"elementor-widget-container\">\n\t\t\t\t\t\t\t\t\t\t\t\t\t\t\t<img loading=\"lazy\" decoding=\"async\" width=\"600\" height=\"398\" src=\"https:\/\/www.phototigui.com\/wp-content\/uploads\/2020\/12\/peche-au-senegal-CASAMANCE.jpg\" class=\"attachment-large size-large wp-image-4042\" alt=\"\" srcset=\"https:\/\/www.phototigui.com\/wp-content\/uploads\/2020\/12\/peche-au-senegal-CASAMANCE.jpg 800w, https:\/\/www.phototigui.com\/wp-content\/uploads\/2020\/12\/peche-au-senegal-CASAMANCE-300x199.jpg 300w, https:\/\/www.phototigui.com\/wp-content\/uploads\/2020\/12\/peche-au-senegal-CASAMANCE-768x509.jpg 768w, https:\/\/www.phototigui.com\/wp-content\/uploads\/2020\/12\/peche-au-senegal-CASAMANCE-500x331.jpg 500w\" sizes=\"(max-width: 600px) 100vw, 600px\" \/>\t\t\t\t\t\t\t\t\t\t\t\t\t\t\t<\/div>\n\t\t\t\t<\/div>\n\t\t\t\t\t<\/div>\n\t\t<\/div>\n\t\t\t\t<div class=\"elementor-column elementor-col-33 elementor-top-column elementor-element elementor-element-81365a7\" data-id=\"81365a7\" data-element_type=\"column\">\n\t\t\t<div class=\"elementor-widget-wrap elementor-element-populated\">\n\t\t\t\t\t\t<div class=\"elementor-element elementor-element-c6dd99d elementor-widget elementor-widget-image\" data-id=\"c6dd99d\" data-element_type=\"widget\" data-widget_type=\"image.default\">\n\t\t\t\t<div class=\"elementor-widget-container\">\n\t\t\t\t\t\t\t\t\t\t\t\t\t\t\t<img loading=\"lazy\" decoding=\"async\" width=\"600\" height=\"401\" src=\"https:\/\/www.phototigui.com\/wp-content\/uploads\/2020\/12\/peche-a-dedougou-.jpg\" class=\"attachment-large size-large wp-image-4041\" alt=\"\" srcset=\"https:\/\/www.phototigui.com\/wp-content\/uploads\/2020\/12\/peche-a-dedougou-.jpg 800w, https:\/\/www.phototigui.com\/wp-content\/uploads\/2020\/12\/peche-a-dedougou--300x200.jpg 300w, https:\/\/www.phototigui.com\/wp-content\/uploads\/2020\/12\/peche-a-dedougou--768x513.jpg 768w, https:\/\/www.phototigui.com\/wp-content\/uploads\/2020\/12\/peche-a-dedougou--500x334.jpg 500w\" sizes=\"(max-width: 600px) 100vw, 600px\" \/>\t\t\t\t\t\t\t\t\t\t\t\t\t\t\t<\/div>\n\t\t\t\t<\/div>\n\t\t\t\t\t<\/div>\n\t\t<\/div>\n\t\t\t\t<div class=\"elementor-column elementor-col-33 elementor-top-column elementor-element elementor-element-79352d2\" data-id=\"79352d2\" data-element_type=\"column\">\n\t\t\t<div class=\"elementor-widget-wrap elementor-element-populated\">\n\t\t\t\t\t\t<div class=\"elementor-element elementor-element-b57fd7d elementor-widget elementor-widget-image\" data-id=\"b57fd7d\" data-element_type=\"widget\" data-widget_type=\"image.default\">\n\t\t\t\t<div class=\"elementor-widget-container\">\n\t\t\t\t\t\t\t\t\t\t\t\t\t\t\t<img loading=\"lazy\" decoding=\"async\" width=\"600\" height=\"451\" src=\"https:\/\/www.phototigui.com\/wp-content\/uploads\/2020\/12\/photographe-dakar-sedihou-1024x769.jpg\" class=\"attachment-large size-large wp-image-4333\" alt=\"pecheur de S\u00e9hidiou\" srcset=\"https:\/\/www.phototigui.com\/wp-content\/uploads\/2020\/12\/photographe-dakar-sedihou-1024x769.jpg 1024w, https:\/\/www.phototigui.com\/wp-content\/uploads\/2020\/12\/photographe-dakar-sedihou-300x225.jpg 300w, https:\/\/www.phototigui.com\/wp-content\/uploads\/2020\/12\/photographe-dakar-sedihou-768x577.jpg 768w, https:\/\/www.phototigui.com\/wp-content\/uploads\/2020\/12\/photographe-dakar-sedihou-1536x1154.jpg 1536w, https:\/\/www.phototigui.com\/wp-content\/uploads\/2020\/12\/photographe-dakar-sedihou-2048x1539.jpg 2048w, https:\/\/www.phototigui.com\/wp-content\/uploads\/2020\/12\/photographe-dakar-sedihou-500x376.jpg 500w, https:\/\/www.phototigui.com\/wp-content\/uploads\/2020\/12\/photographe-dakar-sedihou-800x601.jpg 800w, https:\/\/www.phototigui.com\/wp-content\/uploads\/2020\/12\/photographe-dakar-sedihou-1280x962.jpg 1280w, https:\/\/www.phototigui.com\/wp-content\/uploads\/2020\/12\/photographe-dakar-sedihou-1920x1443.jpg 1920w\" sizes=\"(max-width: 600px) 100vw, 600px\" \/>\t\t\t\t\t\t\t\t\t\t\t\t\t\t\t<\/div>\n\t\t\t\t<\/div>\n\t\t\t\t\t<\/div>\n\t\t<\/div>\n\t\t\t\t\t<\/div>\n\t\t<\/section>\n\t\t\t\t<\/div>\n\t\t","protected":false},"excerpt":{"rendered":"<div class=\"slide-text-bg2\">\n<h3>Dans les pays enclav\u00e9s de l\u2019Afrique de l\u2019Ouest les p\u00e9cheurs sont plust\u00f4t solitaire et cette activit\u00e9 reste marqu\u00e9e par la<\/h3>\n<\/div>\n<div class=\"flex-btn-div\"><a href=\"https:\/\/www.phototigui.com\/en\/projet-silence\/\" class=\"btn1 flex-btn\">Read More<\/a><\/div>\n","protected":false},"author":3,"featured_media":0,"parent":0,"menu_order":0,"comment_status":"closed","ping_status":"closed","template":"","meta":{"om_disable_all_campaigns":false,"_exactmetrics_skip_tracking":false,"_exactmetrics_sitenote_active":false,"_exactmetrics_sitenote_note":"","_exactmetrics_sitenote_category":0,"_monsterinsights_skip_tracking":false,"_monsterinsights_sitenote_active":false,"_monsterinsights_sitenote_note":"","_monsterinsights_sitenote_category":0,"_uf_show_specific_survey":0,"_uf_disable_surveys":false,"_vp_format_video_url":"","_vp_image_focal_point":[],"footnotes":""},"class_list":["post-3448","page","type-page","status-publish","hentry"],"yoast_head":"<!-- This site is optimized with the Yoast SEO plugin v27.5 - https:\/\/yoast.com\/product\/yoast-seo-wordpress\/ -->\n<title>Photographe professionnel<\/title>\n<meta name=\"robots\" content=\"index, follow, max-snippet:-1, max-image-preview:large, max-video-preview:-1\" \/>\n<link rel=\"canonical\" href=\"https:\/\/www.phototigui.com\/en\/projet-silence\/\" \/>\n<meta property=\"og:locale\" content=\"en_US\" \/>\n<meta property=\"og:locale:alternate\" content=\"fr_FR\" \/>\n<meta property=\"og:type\" content=\"article\" \/>\n<meta property=\"og:title\" content=\"Photographe professionnel\" \/>\n<meta property=\"og:description\" content=\"Dans les pays enclav\u00e9s de l\u2019Afrique de l\u2019Ouest les p\u00e9cheurs sont plust\u00f4t solitaire et cette activit\u00e9 reste marqu\u00e9e par laRead More\" \/>\n<meta property=\"og:url\" content=\"https:\/\/www.phototigui.com\/en\/projet-silence\/\" \/>\n<meta property=\"og:site_name\" content=\"Photographe Senegal\" \/>\n<meta property=\"article:publisher\" content=\"https:\/\/www.facebook.com\/phototigui\" \/>\n<meta property=\"article:modified_time\" content=\"2023-05-23T13:23:12+00:00\" \/>\n<meta property=\"og:image\" content=\"https:\/\/www.phototigui.com\/wp-content\/uploads\/2020\/12\/poisson-senegal-photographe.jpg\" \/>\n<meta name=\"twitter:card\" content=\"summary_large_image\" \/>\n<meta name=\"twitter:label1\" content=\"Est. reading time\" \/>\n\t<meta name=\"twitter:data1\" content=\"2 minutes\" \/>\n<script type=\"application\/ld+json\" class=\"yoast-schema-graph\">{\"@context\":\"https:\\\/\\\/schema.org\",\"@graph\":[{\"@type\":\"WebPage\",\"@id\":\"https:\\\/\\\/www.phototigui.com\\\/projet-silence\\\/\",\"url\":\"https:\\\/\\\/www.phototigui.com\\\/projet-silence\\\/\",\"name\":\"Photographe professionnel\",\"isPartOf\":{\"@id\":\"https:\\\/\\\/www.phototigui.com\\\/#website\"},\"primaryImageOfPage\":{\"@id\":\"https:\\\/\\\/www.phototigui.com\\\/projet-silence\\\/#primaryimage\"},\"image\":{\"@id\":\"https:\\\/\\\/www.phototigui.com\\\/projet-silence\\\/#primaryimage\"},\"thumbnailUrl\":\"https:\\\/\\\/www.phototigui.com\\\/wp-content\\\/uploads\\\/2020\\\/12\\\/poisson-senegal-photographe.jpg\",\"datePublished\":\"2020-05-31T01:31:14+00:00\",\"dateModified\":\"2023-05-23T13:23:12+00:00\",\"breadcrumb\":{\"@id\":\"https:\\\/\\\/www.phototigui.com\\\/projet-silence\\\/#breadcrumb\"},\"inLanguage\":\"en-US\",\"potentialAction\":[{\"@type\":\"ReadAction\",\"target\":[\"https:\\\/\\\/www.phototigui.com\\\/projet-silence\\\/\"]}]},{\"@type\":\"ImageObject\",\"inLanguage\":\"en-US\",\"@id\":\"https:\\\/\\\/www.phototigui.com\\\/projet-silence\\\/#primaryimage\",\"url\":\"https:\\\/\\\/www.phototigui.com\\\/wp-content\\\/uploads\\\/2020\\\/12\\\/poisson-senegal-photographe.jpg\",\"contentUrl\":\"https:\\\/\\\/www.phototigui.com\\\/wp-content\\\/uploads\\\/2020\\\/12\\\/poisson-senegal-photographe.jpg\"},{\"@type\":\"BreadcrumbList\",\"@id\":\"https:\\\/\\\/www.phototigui.com\\\/projet-silence\\\/#breadcrumb\",\"itemListElement\":[{\"@type\":\"ListItem\",\"position\":1,\"name\":\"Accueil\",\"item\":\"https:\\\/\\\/www.phototigui.com\\\/\"},{\"@type\":\"ListItem\",\"position\":2,\"name\":\"EAU DOUCE et AGITEE\"}]},{\"@type\":\"WebSite\",\"@id\":\"https:\\\/\\\/www.phototigui.com\\\/#website\",\"url\":\"https:\\\/\\\/www.phototigui.com\\\/\",\"name\":\"Photographe Senegal\",\"description\":\"Leader de la photographie professionnelle au Senegal\",\"publisher\":{\"@id\":\"https:\\\/\\\/www.phototigui.com\\\/#organization\"},\"potentialAction\":[{\"@type\":\"SearchAction\",\"target\":{\"@type\":\"EntryPoint\",\"urlTemplate\":\"https:\\\/\\\/www.phototigui.com\\\/?s={search_term_string}\"},\"query-input\":{\"@type\":\"PropertyValueSpecification\",\"valueRequired\":true,\"valueName\":\"search_term_string\"}}],\"inLanguage\":\"en-US\"},{\"@type\":\"Organization\",\"@id\":\"https:\\\/\\\/www.phototigui.com\\\/#organization\",\"name\":\"phototigui\",\"url\":\"https:\\\/\\\/www.phototigui.com\\\/\",\"logo\":{\"@type\":\"ImageObject\",\"inLanguage\":\"en-US\",\"@id\":\"https:\\\/\\\/www.phototigui.com\\\/#\\\/schema\\\/logo\\\/image\\\/\",\"url\":\"https:\\\/\\\/www.phototigui.com\\\/wp-content\\\/uploads\\\/2025\\\/11\\\/cropped-phototigui_logo_Narvik_Brun-Sorrell.png\",\"contentUrl\":\"https:\\\/\\\/www.phototigui.com\\\/wp-content\\\/uploads\\\/2025\\\/11\\\/cropped-phototigui_logo_Narvik_Brun-Sorrell.png\",\"width\":821,\"height\":305,\"caption\":\"phototigui\"},\"image\":{\"@id\":\"https:\\\/\\\/www.phototigui.com\\\/#\\\/schema\\\/logo\\\/image\\\/\"},\"sameAs\":[\"https:\\\/\\\/www.facebook.com\\\/phototigui\",\"https:\\\/\\\/www.instagram.com\\\/phototigui\\\/\"]}]}<\/script>\n<!-- \/ Yoast SEO plugin. -->","yoast_head_json":{"title":"Photographe professionnel","robots":{"index":"index","follow":"follow","max-snippet":"max-snippet:-1","max-image-preview":"max-image-preview:large","max-video-preview":"max-video-preview:-1"},"canonical":"https:\/\/www.phototigui.com\/en\/projet-silence\/","og_locale":"en_US","og_type":"article","og_title":"Photographe professionnel","og_description":"Dans les pays enclav\u00e9s de l\u2019Afrique de l\u2019Ouest les p\u00e9cheurs sont plust\u00f4t solitaire et cette activit\u00e9 reste marqu\u00e9e par laRead More","og_url":"https:\/\/www.phototigui.com\/en\/projet-silence\/","og_site_name":"Photographe Senegal","article_publisher":"https:\/\/www.facebook.com\/phototigui","article_modified_time":"2023-05-23T13:23:12+00:00","og_image":[{"url":"https:\/\/www.phototigui.com\/wp-content\/uploads\/2020\/12\/poisson-senegal-photographe.jpg","type":"","width":"","height":""}],"twitter_card":"summary_large_image","twitter_misc":{"Est. reading time":"2 minutes"},"schema":{"@context":"https:\/\/schema.org","@graph":[{"@type":"WebPage","@id":"https:\/\/www.phototigui.com\/projet-silence\/","url":"https:\/\/www.phototigui.com\/projet-silence\/","name":"Photographe professionnel","isPartOf":{"@id":"https:\/\/www.phototigui.com\/#website"},"primaryImageOfPage":{"@id":"https:\/\/www.phototigui.com\/projet-silence\/#primaryimage"},"image":{"@id":"https:\/\/www.phototigui.com\/projet-silence\/#primaryimage"},"thumbnailUrl":"https:\/\/www.phototigui.com\/wp-content\/uploads\/2020\/12\/poisson-senegal-photographe.jpg","datePublished":"2020-05-31T01:31:14+00:00","dateModified":"2023-05-23T13:23:12+00:00","breadcrumb":{"@id":"https:\/\/www.phototigui.com\/projet-silence\/#breadcrumb"},"inLanguage":"en-US","potentialAction":[{"@type":"ReadAction","target":["https:\/\/www.phototigui.com\/projet-silence\/"]}]},{"@type":"ImageObject","inLanguage":"en-US","@id":"https:\/\/www.phototigui.com\/projet-silence\/#primaryimage","url":"https:\/\/www.phototigui.com\/wp-content\/uploads\/2020\/12\/poisson-senegal-photographe.jpg","contentUrl":"https:\/\/www.phototigui.com\/wp-content\/uploads\/2020\/12\/poisson-senegal-photographe.jpg"},{"@type":"BreadcrumbList","@id":"https:\/\/www.phototigui.com\/projet-silence\/#breadcrumb","itemListElement":[{"@type":"ListItem","position":1,"name":"Accueil","item":"https:\/\/www.phototigui.com\/"},{"@type":"ListItem","position":2,"name":"EAU DOUCE et AGITEE"}]},{"@type":"WebSite","@id":"https:\/\/www.phototigui.com\/#website","url":"https:\/\/www.phototigui.com\/","name":"Photographe Senegal","description":"Leader de la photographie professionnelle au Senegal","publisher":{"@id":"https:\/\/www.phototigui.com\/#organization"},"potentialAction":[{"@type":"SearchAction","target":{"@type":"EntryPoint","urlTemplate":"https:\/\/www.phototigui.com\/?s={search_term_string}"},"query-input":{"@type":"PropertyValueSpecification","valueRequired":true,"valueName":"search_term_string"}}],"inLanguage":"en-US"},{"@type":"Organization","@id":"https:\/\/www.phototigui.com\/#organization","name":"phototigui","url":"https:\/\/www.phototigui.com\/","logo":{"@type":"ImageObject","inLanguage":"en-US","@id":"https:\/\/www.phototigui.com\/#\/schema\/logo\/image\/","url":"https:\/\/www.phototigui.com\/wp-content\/uploads\/2025\/11\/cropped-phototigui_logo_Narvik_Brun-Sorrell.png","contentUrl":"https:\/\/www.phototigui.com\/wp-content\/uploads\/2025\/11\/cropped-phototigui_logo_Narvik_Brun-Sorrell.png","width":821,"height":305,"caption":"phototigui"},"image":{"@id":"https:\/\/www.phototigui.com\/#\/schema\/logo\/image\/"},"sameAs":["https:\/\/www.facebook.com\/phototigui","https:\/\/www.instagram.com\/phototigui\/"]}]}},"jetpack_sharing_enabled":true,"jetpack_shortlink":"https:\/\/wp.me\/Pa3WJh-TC","_links":{"self":[{"href":"https:\/\/www.phototigui.com\/en\/wp-json\/wp\/v2\/pages\/3448","targetHints":{"allow":["GET"]}}],"collection":[{"href":"https:\/\/www.phototigui.com\/en\/wp-json\/wp\/v2\/pages"}],"about":[{"href":"https:\/\/www.phototigui.com\/en\/wp-json\/wp\/v2\/types\/page"}],"author":[{"embeddable":true,"href":"https:\/\/www.phototigui.com\/en\/wp-json\/wp\/v2\/users\/3"}],"replies":[{"embeddable":true,"href":"https:\/\/www.phototigui.com\/en\/wp-json\/wp\/v2\/comments?post=3448"}],"version-history":[{"count":9,"href":"https:\/\/www.phototigui.com\/en\/wp-json\/wp\/v2\/pages\/3448\/revisions"}],"predecessor-version":[{"id":4681,"href":"https:\/\/www.phototigui.com\/en\/wp-json\/wp\/v2\/pages\/3448\/revisions\/4681"}],"wp:attachment":[{"href":"https:\/\/www.phototigui.com\/en\/wp-json\/wp\/v2\/media?parent=3448"}],"curies":[{"name":"wp","href":"https:\/\/api.w.org\/{rel}","templated":true}]}}