{"id":3387,"date":"2020-05-30T22:43:16","date_gmt":"2020-05-30T20:43:16","guid":{"rendered":"https:\/\/www.phototigui.com\/?page_id=3387"},"modified":"2020-05-30T22:46:27","modified_gmt":"2020-05-30T20:46:27","slug":"projets","status":"publish","type":"page","link":"https:\/\/www.phototigui.com\/en\/projets\/","title":{"rendered":"PROJETS"},"content":{"rendered":"\n<h2 class=\"wp-block-heading\">PROJET YOPI<\/h2>\n\n\n\n<p>YOPI est un projet photographique qui a rassembl\u00e9 les enfants issus de la banlieue et ceux de la ville de Dakar tous ensemble pour apprendre dans un esprit de solidarit\u00e9. La photographie \u00e9tant une pratique courante chez les jeunes et il nous apparaissait int\u00e9ressant de mieux les guider dans cette pratique. Une action pour la transmission du savoir, la pratique artistique collective.<\/p>\n\n\n\n<p>La finalit\u00e9 du projet est la cr\u00e9ation d\u2019une exposition autour des photographies des adolescents.<\/p>\n\n\n\n[ngg src=&#8221;galleries&#8221; ids=&#8221;27&#8243; display=&#8221;basic_thumbnail&#8221;]\n\n\n\n<p><\/p>\n\n\n\n<h2 class=\"wp-block-heading\">PROJET CONSOLATRICE<\/h2>\n\n\n\n<p>Le tchapalo est une bi\u00e8re traditionnelle \u00e0 base de mil commune \u00e0 plusieurs peuples d\u2019Afrique de l\u2019Ouest. Sa fabrication dans le contexte traditionnel est uniquement l&#8217;\u0153uvre de femmes, qui en ont h\u00e9rit\u00e9 en ligne maternelle selon les us de la tribu d\u2019origine.<\/p>\n\n\n\n<p>&nbsp;Bien avant la p\u00e9riode pr\u00e9coloniale, les femmes \u00e9taient d\u00e9j\u00e0 les seules instigatrices de la vente de cette bi\u00e8re.<\/p>\n\n\n\n<p>M\u00eame dans la consommation, elles ne sont pas en reste.\u00a0 Le tchapalo est recommand\u00e9 pour les femmes \u00e0 une p\u00e9riode bien sp\u00e9cifique : La grossesse. Etat durant lequel la femme voit sa di\u00e8te marqu\u00e9e par de nombreuses prohibitions alimentaires et compte tenu de ses propri\u00e9t\u00e9s curatives (\u00ab soigne le ventre \u00bb), d\u00e9puratives (\u00ab fait sortir les salet\u00e9s du ventre \u00bb) et amincissantes (\u00ab fait sortir les exc\u00e8s de graisse \u00bb) le tchapalo se positionne comme un excellent appoint.<\/p>\n\n\n\n[ngg src=&#8221;galleries&#8221; ids=&#8221;28&#8243; display=&#8221;basic_thumbnail&#8221;]\n","protected":false},"excerpt":{"rendered":"<div class=\"slide-text-bg2\">\n<h3>PROJET YOPI YOPI est un projet photographique qui a rassembl\u00e9 les enfants issus de la banlieue et ceux de la<\/h3>\n<\/div>\n<div class=\"flex-btn-div\"><a href=\"https:\/\/www.phototigui.com\/en\/projets\/\" class=\"btn1 flex-btn\">Read More<\/a><\/div>\n","protected":false},"author":3,"featured_media":0,"parent":0,"menu_order":0,"comment_status":"closed","ping_status":"closed","template":"","meta":{"om_disable_all_campaigns":false,"_exactmetrics_skip_tracking":false,"_exactmetrics_sitenote_active":false,"_exactmetrics_sitenote_note":"","_exactmetrics_sitenote_category":0,"_monsterinsights_skip_tracking":false,"_monsterinsights_sitenote_active":false,"_monsterinsights_sitenote_note":"","_monsterinsights_sitenote_category":0,"_uf_show_specific_survey":0,"_uf_disable_surveys":false,"_vp_format_video_url":"","_vp_image_focal_point":[],"footnotes":""},"class_list":["post-3387","page","type-page","status-publish","hentry"],"yoast_head":"<!-- This site is optimized with the Yoast SEO plugin v27.4 - https:\/\/yoast.com\/product\/yoast-seo-wordpress\/ -->\n<title>Photographe professionnel<\/title>\n<meta name=\"robots\" content=\"index, follow, max-snippet:-1, max-image-preview:large, max-video-preview:-1\" \/>\n<link rel=\"canonical\" href=\"https:\/\/www.phototigui.com\/en\/projets\/\" \/>\n<meta property=\"og:locale\" content=\"en_US\" \/>\n<meta property=\"og:locale:alternate\" content=\"fr_FR\" \/>\n<meta property=\"og:type\" content=\"article\" \/>\n<meta property=\"og:title\" content=\"Photographe professionnel\" \/>\n<meta property=\"og:description\" content=\"PROJET YOPI YOPI est un projet photographique qui a rassembl\u00e9 les enfants issus de la banlieue et ceux de laRead More\" \/>\n<meta property=\"og:url\" content=\"https:\/\/www.phototigui.com\/en\/projets\/\" \/>\n<meta property=\"og:site_name\" content=\"Photographe Senegal\" \/>\n<meta property=\"article:publisher\" content=\"https:\/\/www.facebook.com\/phototigui\" \/>\n<meta property=\"article:modified_time\" content=\"2020-05-30T20:46:27+00:00\" \/>\n<meta name=\"twitter:card\" content=\"summary_large_image\" \/>\n<meta name=\"twitter:label1\" content=\"Est. reading time\" \/>\n\t<meta name=\"twitter:data1\" content=\"1 minute\" \/>\n<script type=\"application\/ld+json\" class=\"yoast-schema-graph\">{\"@context\":\"https:\\\/\\\/schema.org\",\"@graph\":[{\"@type\":\"WebPage\",\"@id\":\"https:\\\/\\\/www.phototigui.com\\\/projets\\\/\",\"url\":\"https:\\\/\\\/www.phototigui.com\\\/projets\\\/\",\"name\":\"Photographe professionnel\",\"isPartOf\":{\"@id\":\"https:\\\/\\\/www.phototigui.com\\\/#website\"},\"datePublished\":\"2020-05-30T20:43:16+00:00\",\"dateModified\":\"2020-05-30T20:46:27+00:00\",\"breadcrumb\":{\"@id\":\"https:\\\/\\\/www.phototigui.com\\\/projets\\\/#breadcrumb\"},\"inLanguage\":\"en-US\",\"potentialAction\":[{\"@type\":\"ReadAction\",\"target\":[\"https:\\\/\\\/www.phototigui.com\\\/projets\\\/\"]}]},{\"@type\":\"BreadcrumbList\",\"@id\":\"https:\\\/\\\/www.phototigui.com\\\/projets\\\/#breadcrumb\",\"itemListElement\":[{\"@type\":\"ListItem\",\"position\":1,\"name\":\"Accueil\",\"item\":\"https:\\\/\\\/www.phototigui.com\\\/\"},{\"@type\":\"ListItem\",\"position\":2,\"name\":\"PROJETS\"}]},{\"@type\":\"WebSite\",\"@id\":\"https:\\\/\\\/www.phototigui.com\\\/#website\",\"url\":\"https:\\\/\\\/www.phototigui.com\\\/\",\"name\":\"Photographe Senegal\",\"description\":\"Leader de la photographie professionnelle au Senegal\",\"publisher\":{\"@id\":\"https:\\\/\\\/www.phototigui.com\\\/#organization\"},\"potentialAction\":[{\"@type\":\"SearchAction\",\"target\":{\"@type\":\"EntryPoint\",\"urlTemplate\":\"https:\\\/\\\/www.phototigui.com\\\/?s={search_term_string}\"},\"query-input\":{\"@type\":\"PropertyValueSpecification\",\"valueRequired\":true,\"valueName\":\"search_term_string\"}}],\"inLanguage\":\"en-US\"},{\"@type\":\"Organization\",\"@id\":\"https:\\\/\\\/www.phototigui.com\\\/#organization\",\"name\":\"phototigui\",\"url\":\"https:\\\/\\\/www.phototigui.com\\\/\",\"logo\":{\"@type\":\"ImageObject\",\"inLanguage\":\"en-US\",\"@id\":\"https:\\\/\\\/www.phototigui.com\\\/#\\\/schema\\\/logo\\\/image\\\/\",\"url\":\"https:\\\/\\\/www.phototigui.com\\\/wp-content\\\/uploads\\\/2025\\\/11\\\/cropped-phototigui_logo_Narvik_Brun-Sorrell.png\",\"contentUrl\":\"https:\\\/\\\/www.phototigui.com\\\/wp-content\\\/uploads\\\/2025\\\/11\\\/cropped-phototigui_logo_Narvik_Brun-Sorrell.png\",\"width\":821,\"height\":305,\"caption\":\"phototigui\"},\"image\":{\"@id\":\"https:\\\/\\\/www.phototigui.com\\\/#\\\/schema\\\/logo\\\/image\\\/\"},\"sameAs\":[\"https:\\\/\\\/www.facebook.com\\\/phototigui\",\"https:\\\/\\\/www.instagram.com\\\/phototigui\\\/\"]}]}<\/script>\n<!-- \/ Yoast SEO plugin. -->","yoast_head_json":{"title":"Photographe professionnel","robots":{"index":"index","follow":"follow","max-snippet":"max-snippet:-1","max-image-preview":"max-image-preview:large","max-video-preview":"max-video-preview:-1"},"canonical":"https:\/\/www.phototigui.com\/en\/projets\/","og_locale":"en_US","og_type":"article","og_title":"Photographe professionnel","og_description":"PROJET YOPI YOPI est un projet photographique qui a rassembl\u00e9 les enfants issus de la banlieue et ceux de laRead More","og_url":"https:\/\/www.phototigui.com\/en\/projets\/","og_site_name":"Photographe Senegal","article_publisher":"https:\/\/www.facebook.com\/phototigui","article_modified_time":"2020-05-30T20:46:27+00:00","twitter_card":"summary_large_image","twitter_misc":{"Est. reading time":"1 minute"},"schema":{"@context":"https:\/\/schema.org","@graph":[{"@type":"WebPage","@id":"https:\/\/www.phototigui.com\/projets\/","url":"https:\/\/www.phototigui.com\/projets\/","name":"Photographe professionnel","isPartOf":{"@id":"https:\/\/www.phototigui.com\/#website"},"datePublished":"2020-05-30T20:43:16+00:00","dateModified":"2020-05-30T20:46:27+00:00","breadcrumb":{"@id":"https:\/\/www.phototigui.com\/projets\/#breadcrumb"},"inLanguage":"en-US","potentialAction":[{"@type":"ReadAction","target":["https:\/\/www.phototigui.com\/projets\/"]}]},{"@type":"BreadcrumbList","@id":"https:\/\/www.phototigui.com\/projets\/#breadcrumb","itemListElement":[{"@type":"ListItem","position":1,"name":"Accueil","item":"https:\/\/www.phototigui.com\/"},{"@type":"ListItem","position":2,"name":"PROJETS"}]},{"@type":"WebSite","@id":"https:\/\/www.phototigui.com\/#website","url":"https:\/\/www.phototigui.com\/","name":"Photographe Senegal","description":"Leader de la photographie professionnelle au Senegal","publisher":{"@id":"https:\/\/www.phototigui.com\/#organization"},"potentialAction":[{"@type":"SearchAction","target":{"@type":"EntryPoint","urlTemplate":"https:\/\/www.phototigui.com\/?s={search_term_string}"},"query-input":{"@type":"PropertyValueSpecification","valueRequired":true,"valueName":"search_term_string"}}],"inLanguage":"en-US"},{"@type":"Organization","@id":"https:\/\/www.phototigui.com\/#organization","name":"phototigui","url":"https:\/\/www.phototigui.com\/","logo":{"@type":"ImageObject","inLanguage":"en-US","@id":"https:\/\/www.phototigui.com\/#\/schema\/logo\/image\/","url":"https:\/\/www.phototigui.com\/wp-content\/uploads\/2025\/11\/cropped-phototigui_logo_Narvik_Brun-Sorrell.png","contentUrl":"https:\/\/www.phototigui.com\/wp-content\/uploads\/2025\/11\/cropped-phototigui_logo_Narvik_Brun-Sorrell.png","width":821,"height":305,"caption":"phototigui"},"image":{"@id":"https:\/\/www.phototigui.com\/#\/schema\/logo\/image\/"},"sameAs":["https:\/\/www.facebook.com\/phototigui","https:\/\/www.instagram.com\/phototigui\/"]}]}},"jetpack_sharing_enabled":true,"jetpack_shortlink":"https:\/\/wp.me\/Pa3WJh-SD","_links":{"self":[{"href":"https:\/\/www.phototigui.com\/en\/wp-json\/wp\/v2\/pages\/3387","targetHints":{"allow":["GET"]}}],"collection":[{"href":"https:\/\/www.phototigui.com\/en\/wp-json\/wp\/v2\/pages"}],"about":[{"href":"https:\/\/www.phototigui.com\/en\/wp-json\/wp\/v2\/types\/page"}],"author":[{"embeddable":true,"href":"https:\/\/www.phototigui.com\/en\/wp-json\/wp\/v2\/users\/3"}],"replies":[{"embeddable":true,"href":"https:\/\/www.phototigui.com\/en\/wp-json\/wp\/v2\/comments?post=3387"}],"version-history":[{"count":2,"href":"https:\/\/www.phototigui.com\/en\/wp-json\/wp\/v2\/pages\/3387\/revisions"}],"predecessor-version":[{"id":3391,"href":"https:\/\/www.phototigui.com\/en\/wp-json\/wp\/v2\/pages\/3387\/revisions\/3391"}],"wp:attachment":[{"href":"https:\/\/www.phototigui.com\/en\/wp-json\/wp\/v2\/media?parent=3387"}],"curies":[{"name":"wp","href":"https:\/\/api.w.org\/{rel}","templated":true}]}}