{"id":10,"date":"2018-04-17T02:38:57","date_gmt":"2018-04-17T00:38:57","guid":{"rendered":"http:\/\/phototigui.com\/?page_id=10"},"modified":"2023-06-21T23:04:24","modified_gmt":"2023-06-21T21:04:24","slug":"nous-contacter","status":"publish","type":"page","link":"https:\/\/www.phototigui.com\/en\/nous-contacter\/","title":{"rendered":"NOUS CONTACTER"},"content":{"rendered":"<div id=\"pl-10\" class=\"panel-layout\">\n<div id=\"pg-10-0\" class=\"panel-grid panel-no-style\" data-style=\"{\" data-ratio=\"1\" data-ratio-direction=\"right\">\n<div id=\"pgc-10-0-0\" class=\"panel-grid-cell\" data-weight=\"0.5\">\n<div id=\"panel-10-0-0-0\" class=\"so-panel widget widget_sow-editor panel-first-child panel-last-child\" data-index=\"0\" data-style=\"{\">\n<div class=\"so-widget-sow-editor so-widget-sow-editor-base\">\n<div class=\"siteorigin-widget-tinymce textwidget\">\n<div class=\"wpcf7 no-js\" id=\"wpcf7-f4-o1\" lang=\"fr-FR\" dir=\"ltr\" data-wpcf7-id=\"4\">\n<div class=\"screen-reader-response\"><p role=\"status\" aria-live=\"polite\" aria-atomic=\"true\"><\/p> <ul><\/ul><\/div>\n<form action=\"\/en\/wp-json\/wp\/v2\/pages\/10#wpcf7-f4-o1\" method=\"post\" class=\"wpcf7-form init\" aria-label=\"Formulaire de contact\" novalidate=\"novalidate\" data-status=\"init\">\n<fieldset class=\"hidden-fields-container\"><input type=\"hidden\" name=\"_wpcf7\" value=\"4\" \/><input type=\"hidden\" name=\"_wpcf7_version\" value=\"6.1.5\" \/><input type=\"hidden\" name=\"_wpcf7_locale\" value=\"fr_FR\" \/><input type=\"hidden\" name=\"_wpcf7_unit_tag\" value=\"wpcf7-f4-o1\" \/><input type=\"hidden\" name=\"_wpcf7_container_post\" value=\"0\" \/><input type=\"hidden\" name=\"_wpcf7_posted_data_hash\" value=\"\" \/><input type=\"hidden\" name=\"lang\" value=\"en\" \/>\n<\/fieldset>\n<p><label> Votre nom (obligatoire)<br \/>\n<span class=\"wpcf7-form-control-wrap\" data-name=\"your-name\"><input size=\"40\" maxlength=\"400\" class=\"wpcf7-form-control wpcf7-text wpcf7-validates-as-required\" aria-required=\"true\" aria-invalid=\"false\" value=\"\" type=\"text\" name=\"your-name\" \/><\/span> <\/label>\n<\/p>\n<p><label> Votre adresse de messagerie (obligatoire)<br \/>\n<span class=\"wpcf7-form-control-wrap\" data-name=\"your-email\"><input size=\"40\" maxlength=\"400\" class=\"wpcf7-form-control wpcf7-email wpcf7-validates-as-required wpcf7-text wpcf7-validates-as-email\" aria-required=\"true\" aria-invalid=\"false\" value=\"\" type=\"email\" name=\"your-email\" \/><\/span> <\/label>\n<\/p>\n<p><label> Objet<br \/>\n<span class=\"wpcf7-form-control-wrap\" data-name=\"your-subject\"><input size=\"40\" maxlength=\"400\" class=\"wpcf7-form-control wpcf7-text\" aria-invalid=\"false\" value=\"\" type=\"text\" name=\"your-subject\" \/><\/span> <\/label>\n<\/p>\n<p><label> Votre message<br \/>\n<span class=\"wpcf7-form-control-wrap\" data-name=\"your-message\"><textarea cols=\"40\" rows=\"10\" maxlength=\"2000\" class=\"wpcf7-form-control wpcf7-textarea\" aria-invalid=\"false\" name=\"your-message\"><\/textarea><\/span> <\/label>\n<\/p>\n<p><input class=\"wpcf7-form-control wpcf7-submit has-spinner\" type=\"submit\" value=\"Envoyer\" \/>\n<\/p><p style=\"display: none !important;\" class=\"akismet-fields-container\" data-prefix=\"_wpcf7_ak_\"><label>&#916;<textarea name=\"_wpcf7_ak_hp_textarea\" cols=\"45\" rows=\"8\" maxlength=\"100\"><\/textarea><\/label><input type=\"hidden\" id=\"ak_js_1\" name=\"_wpcf7_ak_js\" value=\"142\"\/><script type=\"text\/javascript\">\n\/* <![CDATA[ *\/\ndocument.getElementById( \"ak_js_1\" ).setAttribute( \"value\", ( new Date() ).getTime() );\n\/* ]]> *\/\n<\/script>\n<\/p><div class=\"wpcf7-response-output\" aria-hidden=\"true\"><\/div>\n<\/form>\n<\/div>\n<\/div>\n<\/div>\n<\/div>\n<\/div>\n<div id=\"pgc-10-0-1\" class=\"panel-grid-cell\" data-weight=\"0.5\">\n<div id=\"panel-10-0-1-0\" class=\"so-panel widget widget_sow-editor panel-first-child panel-last-child\" data-index=\"1\" data-style=\"{\">\n<div class=\"so-widget-sow-editor so-widget-sow-editor-base\">\n<div class=\"siteorigin-widget-tinymce textwidget\">\n<h5 class=\"font_5\">Pour plus d&#8217;informations ou\u00a0pour r\u00e9servez votre s\u00e9ance, n&#8217;h\u00e9sitez surtout pas \u00e0 nous appeler, \u00e0 nous envoyer un email ou \u00e0 simplement remplir le formulaire ci-dessous.<\/h5>\n<h5 class=\"font_5\">Nous nous ferons un plaisir de vous faire un retour dans un d\u00e9lai de\u00a024 h.<\/h5>\n<h4>PHOTOTIGUI<\/h4>\n<p>SENEGAL DAKAR MAMELLES<\/p>\n<p>20 CITE MAGISTRATS. TEL: 221-78-192-03-18<\/p>\n<p><img decoding=\"async\" class=\" wp-image-58 aligncenter\" src=\"http:\/\/phototigui.com\/wp-content\/uploads\/2018\/04\/LOGOO-e1524360184298-300x104.png\" alt=\"\" width=\"263\" height=\"91\" srcset=\"https:\/\/www.phototigui.com\/wp-content\/uploads\/2018\/04\/LOGOO-e1524360184298-300x104.png 300w, https:\/\/www.phototigui.com\/wp-content\/uploads\/2018\/04\/LOGOO-e1524360184298.png 317w\" sizes=\"(max-width: 263px) 100vw, 263px\" \/><\/p>\n<\/div>\n<\/div>\n<\/div>\n<\/div>\n<\/div>\n<\/div>\n","protected":false},"excerpt":{"rendered":"<div class=\"slide-text-bg2\">\n<h3>Pour plus d&#8217;informations ou\u00a0pour r\u00e9servez votre s\u00e9ance, n&#8217;h\u00e9sitez surtout pas \u00e0 nous appeler, \u00e0 nous envoyer un email ou \u00e0<\/h3>\n<\/div>\n<div class=\"flex-btn-div\"><a href=\"https:\/\/www.phototigui.com\/en\/nous-contacter\/\" class=\"btn1 flex-btn\">Read More<\/a><\/div>\n","protected":false},"author":3,"featured_media":0,"parent":0,"menu_order":0,"comment_status":"closed","ping_status":"closed","template":"","meta":{"om_disable_all_campaigns":false,"_exactmetrics_skip_tracking":false,"_exactmetrics_sitenote_active":false,"_exactmetrics_sitenote_note":"","_exactmetrics_sitenote_category":0,"_monsterinsights_skip_tracking":false,"_monsterinsights_sitenote_active":false,"_monsterinsights_sitenote_note":"","_monsterinsights_sitenote_category":0,"_uf_show_specific_survey":0,"_uf_disable_surveys":false,"_vp_format_video_url":"","_vp_image_focal_point":[],"footnotes":""},"class_list":["post-10","page","type-page","status-publish","hentry"],"yoast_head":"<!-- This site is optimized with the Yoast SEO plugin v27.5 - https:\/\/yoast.com\/product\/yoast-seo-wordpress\/ -->\n<title>Contacter nous pour r\u00e9server une s\u00e9ance photo d\u00e8s maintenant<\/title>\n<meta name=\"description\" content=\"Pour r\u00e9server votre s\u00e9ance, n&#039;h\u00e9sitez surtout pas \u00e0 nous appeler, \u00e0 nous envoyer un email ou \u00e0 simplement remplir le formulaire ci-dessous. Nous nous ferons un plaisir de vous faire un retour dans un d\u00e9lai de\u00a024 h.\" \/>\n<meta name=\"robots\" content=\"index, follow, max-snippet:-1, max-image-preview:large, max-video-preview:-1\" \/>\n<link rel=\"canonical\" href=\"https:\/\/www.phototigui.com\/en\/nous-contacter\/\" \/>\n<meta property=\"og:locale\" content=\"en_US\" \/>\n<meta property=\"og:locale:alternate\" content=\"fr_FR\" \/>\n<meta property=\"og:type\" content=\"article\" \/>\n<meta property=\"og:title\" content=\"Contacter nous pour r\u00e9server une s\u00e9ance photo d\u00e8s maintenant\" \/>\n<meta property=\"og:description\" content=\"Pour r\u00e9server votre s\u00e9ance, n&#039;h\u00e9sitez surtout pas \u00e0 nous appeler, \u00e0 nous envoyer un email ou \u00e0 simplement remplir le formulaire ci-dessous. Nous nous ferons un plaisir de vous faire un retour dans un d\u00e9lai de\u00a024 h.\" \/>\n<meta property=\"og:url\" content=\"https:\/\/www.phototigui.com\/en\/nous-contacter\/\" \/>\n<meta property=\"og:site_name\" content=\"Photographe Senegal\" \/>\n<meta property=\"article:publisher\" content=\"https:\/\/www.facebook.com\/phototigui\" \/>\n<meta property=\"article:modified_time\" content=\"2023-06-21T21:04:24+00:00\" \/>\n<meta property=\"og:image\" content=\"http:\/\/phototigui.com\/wp-content\/uploads\/2018\/04\/LOGOO-e1524360184298-300x104.png\" \/>\n<meta name=\"twitter:card\" content=\"summary_large_image\" \/>\n<meta name=\"twitter:label1\" content=\"Est. reading time\" \/>\n\t<meta name=\"twitter:data1\" content=\"1 minute\" \/>\n<script type=\"application\/ld+json\" class=\"yoast-schema-graph\">{\"@context\":\"https:\\\/\\\/schema.org\",\"@graph\":[{\"@type\":\"WebPage\",\"@id\":\"https:\\\/\\\/www.phototigui.com\\\/nous-contacter\\\/\",\"url\":\"https:\\\/\\\/www.phototigui.com\\\/nous-contacter\\\/\",\"name\":\"Contacter nous pour r\u00e9server une s\u00e9ance photo d\u00e8s maintenant\",\"isPartOf\":{\"@id\":\"https:\\\/\\\/www.phototigui.com\\\/#website\"},\"primaryImageOfPage\":{\"@id\":\"https:\\\/\\\/www.phototigui.com\\\/nous-contacter\\\/#primaryimage\"},\"image\":{\"@id\":\"https:\\\/\\\/www.phototigui.com\\\/nous-contacter\\\/#primaryimage\"},\"thumbnailUrl\":\"http:\\\/\\\/phototigui.com\\\/wp-content\\\/uploads\\\/2018\\\/04\\\/LOGOO-e1524360184298-300x104.png\",\"datePublished\":\"2018-04-17T00:38:57+00:00\",\"dateModified\":\"2023-06-21T21:04:24+00:00\",\"description\":\"Pour r\u00e9server votre s\u00e9ance, n'h\u00e9sitez surtout pas \u00e0 nous appeler, \u00e0 nous envoyer un email ou \u00e0 simplement remplir le formulaire ci-dessous. Nous nous ferons un plaisir de vous faire un retour dans un d\u00e9lai de\u00a024 h.\",\"breadcrumb\":{\"@id\":\"https:\\\/\\\/www.phototigui.com\\\/nous-contacter\\\/#breadcrumb\"},\"inLanguage\":\"en-US\",\"potentialAction\":[{\"@type\":\"ReadAction\",\"target\":[\"https:\\\/\\\/www.phototigui.com\\\/nous-contacter\\\/\"]}]},{\"@type\":\"ImageObject\",\"inLanguage\":\"en-US\",\"@id\":\"https:\\\/\\\/www.phototigui.com\\\/nous-contacter\\\/#primaryimage\",\"url\":\"http:\\\/\\\/phototigui.com\\\/wp-content\\\/uploads\\\/2018\\\/04\\\/LOGOO-e1524360184298-300x104.png\",\"contentUrl\":\"http:\\\/\\\/phototigui.com\\\/wp-content\\\/uploads\\\/2018\\\/04\\\/LOGOO-e1524360184298-300x104.png\"},{\"@type\":\"BreadcrumbList\",\"@id\":\"https:\\\/\\\/www.phototigui.com\\\/nous-contacter\\\/#breadcrumb\",\"itemListElement\":[{\"@type\":\"ListItem\",\"position\":1,\"name\":\"Accueil\",\"item\":\"https:\\\/\\\/www.phototigui.com\\\/\"},{\"@type\":\"ListItem\",\"position\":2,\"name\":\"NOUS CONTACTER\"}]},{\"@type\":\"WebSite\",\"@id\":\"https:\\\/\\\/www.phototigui.com\\\/#website\",\"url\":\"https:\\\/\\\/www.phototigui.com\\\/\",\"name\":\"Photographe Senegal\",\"description\":\"Leader de la photographie professionnelle au Senegal\",\"publisher\":{\"@id\":\"https:\\\/\\\/www.phototigui.com\\\/#organization\"},\"potentialAction\":[{\"@type\":\"SearchAction\",\"target\":{\"@type\":\"EntryPoint\",\"urlTemplate\":\"https:\\\/\\\/www.phototigui.com\\\/?s={search_term_string}\"},\"query-input\":{\"@type\":\"PropertyValueSpecification\",\"valueRequired\":true,\"valueName\":\"search_term_string\"}}],\"inLanguage\":\"en-US\"},{\"@type\":\"Organization\",\"@id\":\"https:\\\/\\\/www.phototigui.com\\\/#organization\",\"name\":\"phototigui\",\"url\":\"https:\\\/\\\/www.phototigui.com\\\/\",\"logo\":{\"@type\":\"ImageObject\",\"inLanguage\":\"en-US\",\"@id\":\"https:\\\/\\\/www.phototigui.com\\\/#\\\/schema\\\/logo\\\/image\\\/\",\"url\":\"https:\\\/\\\/www.phototigui.com\\\/wp-content\\\/uploads\\\/2025\\\/11\\\/cropped-phototigui_logo_Narvik_Brun-Sorrell.png\",\"contentUrl\":\"https:\\\/\\\/www.phototigui.com\\\/wp-content\\\/uploads\\\/2025\\\/11\\\/cropped-phototigui_logo_Narvik_Brun-Sorrell.png\",\"width\":821,\"height\":305,\"caption\":\"phototigui\"},\"image\":{\"@id\":\"https:\\\/\\\/www.phototigui.com\\\/#\\\/schema\\\/logo\\\/image\\\/\"},\"sameAs\":[\"https:\\\/\\\/www.facebook.com\\\/phototigui\",\"https:\\\/\\\/www.instagram.com\\\/phototigui\\\/\"]}]}<\/script>\n<!-- \/ Yoast SEO plugin. -->","yoast_head_json":{"title":"Contacter nous pour r\u00e9server une s\u00e9ance photo d\u00e8s maintenant","description":"Pour r\u00e9server votre s\u00e9ance, n'h\u00e9sitez surtout pas \u00e0 nous appeler, \u00e0 nous envoyer un email ou \u00e0 simplement remplir le formulaire ci-dessous. Nous nous ferons un plaisir de vous faire un retour dans un d\u00e9lai de\u00a024 h.","robots":{"index":"index","follow":"follow","max-snippet":"max-snippet:-1","max-image-preview":"max-image-preview:large","max-video-preview":"max-video-preview:-1"},"canonical":"https:\/\/www.phototigui.com\/en\/nous-contacter\/","og_locale":"en_US","og_type":"article","og_title":"Contacter nous pour r\u00e9server une s\u00e9ance photo d\u00e8s maintenant","og_description":"Pour r\u00e9server votre s\u00e9ance, n'h\u00e9sitez surtout pas \u00e0 nous appeler, \u00e0 nous envoyer un email ou \u00e0 simplement remplir le formulaire ci-dessous. Nous nous ferons un plaisir de vous faire un retour dans un d\u00e9lai de\u00a024 h.","og_url":"https:\/\/www.phototigui.com\/en\/nous-contacter\/","og_site_name":"Photographe Senegal","article_publisher":"https:\/\/www.facebook.com\/phototigui","article_modified_time":"2023-06-21T21:04:24+00:00","og_image":[{"url":"http:\/\/phototigui.com\/wp-content\/uploads\/2018\/04\/LOGOO-e1524360184298-300x104.png","type":"","width":"","height":""}],"twitter_card":"summary_large_image","twitter_misc":{"Est. reading time":"1 minute"},"schema":{"@context":"https:\/\/schema.org","@graph":[{"@type":"WebPage","@id":"https:\/\/www.phototigui.com\/nous-contacter\/","url":"https:\/\/www.phototigui.com\/nous-contacter\/","name":"Contacter nous pour r\u00e9server une s\u00e9ance photo d\u00e8s maintenant","isPartOf":{"@id":"https:\/\/www.phototigui.com\/#website"},"primaryImageOfPage":{"@id":"https:\/\/www.phototigui.com\/nous-contacter\/#primaryimage"},"image":{"@id":"https:\/\/www.phototigui.com\/nous-contacter\/#primaryimage"},"thumbnailUrl":"http:\/\/phototigui.com\/wp-content\/uploads\/2018\/04\/LOGOO-e1524360184298-300x104.png","datePublished":"2018-04-17T00:38:57+00:00","dateModified":"2023-06-21T21:04:24+00:00","description":"Pour r\u00e9server votre s\u00e9ance, n'h\u00e9sitez surtout pas \u00e0 nous appeler, \u00e0 nous envoyer un email ou \u00e0 simplement remplir le formulaire ci-dessous. Nous nous ferons un plaisir de vous faire un retour dans un d\u00e9lai de\u00a024 h.","breadcrumb":{"@id":"https:\/\/www.phototigui.com\/nous-contacter\/#breadcrumb"},"inLanguage":"en-US","potentialAction":[{"@type":"ReadAction","target":["https:\/\/www.phototigui.com\/nous-contacter\/"]}]},{"@type":"ImageObject","inLanguage":"en-US","@id":"https:\/\/www.phototigui.com\/nous-contacter\/#primaryimage","url":"http:\/\/phototigui.com\/wp-content\/uploads\/2018\/04\/LOGOO-e1524360184298-300x104.png","contentUrl":"http:\/\/phototigui.com\/wp-content\/uploads\/2018\/04\/LOGOO-e1524360184298-300x104.png"},{"@type":"BreadcrumbList","@id":"https:\/\/www.phototigui.com\/nous-contacter\/#breadcrumb","itemListElement":[{"@type":"ListItem","position":1,"name":"Accueil","item":"https:\/\/www.phototigui.com\/"},{"@type":"ListItem","position":2,"name":"NOUS CONTACTER"}]},{"@type":"WebSite","@id":"https:\/\/www.phototigui.com\/#website","url":"https:\/\/www.phototigui.com\/","name":"Photographe Senegal","description":"Leader de la photographie professionnelle au Senegal","publisher":{"@id":"https:\/\/www.phototigui.com\/#organization"},"potentialAction":[{"@type":"SearchAction","target":{"@type":"EntryPoint","urlTemplate":"https:\/\/www.phototigui.com\/?s={search_term_string}"},"query-input":{"@type":"PropertyValueSpecification","valueRequired":true,"valueName":"search_term_string"}}],"inLanguage":"en-US"},{"@type":"Organization","@id":"https:\/\/www.phototigui.com\/#organization","name":"phototigui","url":"https:\/\/www.phototigui.com\/","logo":{"@type":"ImageObject","inLanguage":"en-US","@id":"https:\/\/www.phototigui.com\/#\/schema\/logo\/image\/","url":"https:\/\/www.phototigui.com\/wp-content\/uploads\/2025\/11\/cropped-phototigui_logo_Narvik_Brun-Sorrell.png","contentUrl":"https:\/\/www.phototigui.com\/wp-content\/uploads\/2025\/11\/cropped-phototigui_logo_Narvik_Brun-Sorrell.png","width":821,"height":305,"caption":"phototigui"},"image":{"@id":"https:\/\/www.phototigui.com\/#\/schema\/logo\/image\/"},"sameAs":["https:\/\/www.facebook.com\/phototigui","https:\/\/www.instagram.com\/phototigui\/"]}]}},"jetpack_sharing_enabled":true,"jetpack_shortlink":"https:\/\/wp.me\/Pa3WJh-a","_links":{"self":[{"href":"https:\/\/www.phototigui.com\/en\/wp-json\/wp\/v2\/pages\/10","targetHints":{"allow":["GET"]}}],"collection":[{"href":"https:\/\/www.phototigui.com\/en\/wp-json\/wp\/v2\/pages"}],"about":[{"href":"https:\/\/www.phototigui.com\/en\/wp-json\/wp\/v2\/types\/page"}],"author":[{"embeddable":true,"href":"https:\/\/www.phototigui.com\/en\/wp-json\/wp\/v2\/users\/3"}],"replies":[{"embeddable":true,"href":"https:\/\/www.phototigui.com\/en\/wp-json\/wp\/v2\/comments?post=10"}],"version-history":[{"count":37,"href":"https:\/\/www.phototigui.com\/en\/wp-json\/wp\/v2\/pages\/10\/revisions"}],"predecessor-version":[{"id":4751,"href":"https:\/\/www.phototigui.com\/en\/wp-json\/wp\/v2\/pages\/10\/revisions\/4751"}],"wp:attachment":[{"href":"https:\/\/www.phototigui.com\/en\/wp-json\/wp\/v2\/media?parent=10"}],"curies":[{"name":"wp","href":"https:\/\/api.w.org\/{rel}","templated":true}]}}